{"id":13257,"date":"2022-09-28T12:26:53","date_gmt":"2022-09-28T11:26:53","guid":{"rendered":"https:\/\/gatemasterlock.wpenginepowered.com\/windpark-sicherheitstor-technik\/"},"modified":"2022-09-28T12:27:34","modified_gmt":"2022-09-28T11:27:34","slug":"windpark-sicherheitstor-technik","status":"publish","type":"page","link":"https:\/\/www.gatemasterlocks.com\/de\/windpark-sicherheitstor-technik\/","title":{"rendered":"Windpark Sicherheitstor Technik"},"content":{"rendered":"\n<figure class=\"wp-block-image size-full is-resized\"><img loading=\"lazy\" decoding=\"async\" src=\"https:\/\/www.gatemasterlocks.com\/wp-content\/uploads\/2021\/09\/wfsgh-1.jpeg\" alt=\"\" class=\"wp-image-5882\" width=\"838\" height=\"542\"\/><\/figure>\n\n<h2 class=\"wp-block-heading\">Ma\u00dfgeschneiderte L\u00f6sungen zur Verbesserung der Offshore-Sicherheit<\/h2>\n\n<p>Gatemaster entwirft und fertigt Schl\u00f6sser, Schlie\u00dfer und Scharniere f\u00fcr Zugangstore an Gel\u00e4ndern<\/p>\n\n<div class=\"wp-block-image\"><figure class=\"alignright size-full\"><img loading=\"lazy\" decoding=\"async\" width=\"225\" height=\"300\" src=\"https:\/\/www.gatemasterlocks.com\/wp-content\/uploads\/2021\/09\/wfsgh-2.jpeg\" alt=\"\" class=\"wp-image-5886\"\/><\/figure><\/div>\n\n<p><strong>Verbesserung der Sicherheit vor Ort &#8211; Unsere technischen L\u00f6sungen sorgen daf\u00fcr, dass die Tore sicher geschlossen<\/strong> werden.<\/p>\n\n<p><strong>Zuverl\u00e4ssige L\u00f6sungen<\/strong> &#8211; \u00dcber 20 Jahre Erfahrung in der Entwicklung von zuverl\u00e4ssigen Torbeschl\u00e4gen f\u00fcr Sicherheitsschleusen und Laufstege<\/p>\n\n<p><strong>Gebaut f\u00fcr Ihre Anforderungen<\/strong> &#8211; Wir k\u00f6nnen die Produkte an die spezifischen Anforderungen Ihres Offshore-Projekts anpassen<\/p>\n\n<p>Kontaktieren Sie Toby Roberts-Davies unter <a href=\"mailto:toby.rd@gatemasterlocks.com\">toby.rd@gatemasterlocks<\/a> .com oder +44 (0)1243 558580, wenn Sie Hilfe bei Ihrem n\u00e4chsten Projekt ben\u00f6tigen.<\/p>\n","protected":false},"excerpt":{"rendered":"<p>Ma\u00dfgeschneiderte L\u00f6sungen zur Verbesserung der Offshore-Sicherheit Gatemaster entwirft und fertigt Schl\u00f6sser, Schlie\u00dfer und Scharniere f\u00fcr Zugangstore an Gel\u00e4ndern Verbesserung der Sicherheit vor Ort &#8211; Unsere technischen L\u00f6sungen sorgen daf\u00fcr, dass die Tore sicher geschlossen werden. Zuverl\u00e4ssige L\u00f6sungen &#8211; \u00dcber 20 Jahre Erfahrung in der Entwicklung von zuverl\u00e4ssigen Torbeschl\u00e4gen f\u00fcr Sicherheitsschleusen und Laufstege Gebaut f\u00fcr Ihre [&hellip;]<\/p>\n","protected":false},"author":12,"featured_media":0,"parent":0,"menu_order":0,"comment_status":"closed","ping_status":"closed","template":"","meta":{"_acf_changed":false,"footnotes":""},"class_list":["post-13257","page","type-page","status-publish","hentry"],"acf":[],"_links":{"self":[{"href":"https:\/\/www.gatemasterlocks.com\/de\/wp-json\/wp\/v2\/pages\/13257","targetHints":{"allow":["GET"]}}],"collection":[{"href":"https:\/\/www.gatemasterlocks.com\/de\/wp-json\/wp\/v2\/pages"}],"about":[{"href":"https:\/\/www.gatemasterlocks.com\/de\/wp-json\/wp\/v2\/types\/page"}],"author":[{"embeddable":true,"href":"https:\/\/www.gatemasterlocks.com\/de\/wp-json\/wp\/v2\/users\/12"}],"replies":[{"embeddable":true,"href":"https:\/\/www.gatemasterlocks.com\/de\/wp-json\/wp\/v2\/comments?post=13257"}],"version-history":[{"count":0,"href":"https:\/\/www.gatemasterlocks.com\/de\/wp-json\/wp\/v2\/pages\/13257\/revisions"}],"wp:attachment":[{"href":"https:\/\/www.gatemasterlocks.com\/de\/wp-json\/wp\/v2\/media?parent=13257"}],"curies":[{"name":"wp","href":"https:\/\/api.w.org\/{rel}","templated":true}]}}