{"id":13273,"date":"2022-09-28T12:27:17","date_gmt":"2022-09-28T11:27:17","guid":{"rendered":"https:\/\/gatemasterlock.wpenginepowered.com\/zugangstore-massgeschneiderte-loesungen-fuer-die-offshore-industrie\/"},"modified":"2022-09-28T12:27:35","modified_gmt":"2022-09-28T11:27:35","slug":"zugangstore-massgeschneiderte-loesungen-fuer-die-offshore-industrie","status":"publish","type":"page","link":"https:\/\/www.gatemasterlocks.com\/de\/zugangstore-massgeschneiderte-loesungen-fuer-die-offshore-industrie\/","title":{"rendered":"Zugangstore &#8211; Ma\u00dfgeschneiderte L\u00f6sungen f\u00fcr die Offshore-Industrie"},"content":{"rendered":"\n<div class=\"wp-block-image\"><figure class=\"aligncenter size-full\"><img loading=\"lazy\" decoding=\"async\" width=\"765\" height=\"790\" src=\"https:\/\/www.gatemasterlocks.com\/wp-content\/uploads\/2021\/09\/ag-1.jpeg\" alt=\"\" class=\"wp-image-5901\" srcset=\"https:\/\/www.gatemasterlocks.com\/wp-content\/uploads\/2021\/09\/ag-1.jpeg 765w, https:\/\/www.gatemasterlocks.com\/wp-content\/uploads\/2021\/09\/ag-1-291x300.jpeg 291w\" sizes=\"auto, (max-width: 765px) 100vw, 765px\" \/><\/figure><\/div>\n\n<p>Vor f\u00fcnf Jahren wurde ein weltweit f\u00fchrendes Beratungsunternehmen f\u00fcr Design, Technik und Projektmanagement mit dem FEED (Front End Engineering Design) eines der gr\u00f6\u00dften Offshore-Windparkprojekte Gro\u00dfbritanniens betraut.<\/p>\n\n<p>Gatemaster wurde auf einen besonderen Aspekt des Entwurfs aufmerksam gemacht, n\u00e4mlich auf die Sicherheitsschleusen an den internen und externen Zugangsplattformen der Turbinen.\u00a0 Es wurde eine ma\u00dfgeschneiderte L\u00f6sung ben\u00f6tigt, um sicherzustellen, dass die Tore jederzeit geschlossen bleiben, um die Sicherheit der Techniker zu gew\u00e4hrleisten, die die Turbinen besuchen, um Wartungsarbeiten durchzuf\u00fchren.<\/p>\n\n<p>Die Konstruktion von Komponenten f\u00fcr den Offshore-Einsatz bringt einige Herausforderungen mit sich.\u00a0 Die stark korrosive Umgebung ist eine besondere Herausforderung f\u00fcr die Offshore-Technik, der sich die Konstruktionsfirmen stellen m\u00fcssen.\u00a0Mit hochgradig korrosiven Elementen wie Kohlendioxid, Schwefelwasserstoff und anderen gef\u00e4hrlichen Chemikalien, die durch eine Kombination aus extremem Druck und Temperaturen entstehen, ist dies eine der h\u00e4rtesten Umgebungen, denen Ger\u00e4te ausgesetzt werden k\u00f6nnen.<\/p>\n\n<p>Die Verwendung falscher Materialien und Veredelungsverfahren kann zum Versagen eines Bauabschnitts f\u00fchren und potenziell erhebliche Kosten verursachen, sowohl in Bezug auf die Umwelt und die menschliche Sicherheit als auch in finanzieller Hinsicht.<\/p>\n\n<p>316er Edelstahl ist ein Material, das h\u00e4ufig f\u00fcr die Schifffahrt und die Offshore-Industrie verwendet wird und einen hohen Anteil an dem chemischen Element Molybd\u00e4n enth\u00e4lt. \u00a0Die Hauptfunktion dieses Elements in rostfreiem Stahl besteht darin, die Korrosionsbest\u00e4ndigkeit des Metalls zu erh\u00f6hen. \u00a0Edelstahl 316 wird zwar h\u00e4ufig wegen dieser nicht-korrosiven Vorteile verwendet, ist aber auch eines der schwieriger zu bearbeitenden Metalle und teurer als viele andere Materialien, was bei der Herstellung von Komponenten eine Herausforderung darstellt.<\/p>\n\n<p>Die Entwicklung einer Vorrichtung, die sicherstellt, dass die Bordw\u00e4nde zuverl\u00e4ssig schlie\u00dfen, hatte dann eine doppelte Aufgabe: Erstens, konnte ein geeigneter Schlie\u00dfmechanismus aus 316er Edelstahl angesichts seiner Eigenschaften und hohen Kosten hergestellt werden, und zweitens, w\u00fcrde der Mechanismus langlebig genug sein, um den rauen Bedingungen standzuhalten.\u00a0 Diese Fragen wurden mit den Offshore-Ingenieuren eingehend diskutiert.\u00a0 Nachdem die Grenzen des Designs definiert waren, wurden Prototypen getestet und die ersten Verschl\u00fcsse vor Ort eingebaut.<\/p>\n\n<div class=\"wp-block-image\"><figure class=\"alignright size-full\"><img loading=\"lazy\" decoding=\"async\" width=\"225\" height=\"300\" src=\"https:\/\/www.gatemasterlocks.com\/wp-content\/uploads\/2021\/09\/wfsgh-2.jpeg\" alt=\"\" class=\"wp-image-5886\"\/><\/figure><\/div>\n\n<p>Da wir zuvor Edelstahlteile gebeizt und passiviert hatten, haben wir einige der Testverschl\u00fcsse mit diesem Verfahren hergestellt. Dabei handelt es sich um eine chemische Behandlung mit S\u00e4ure, um Verunreinigungen von der Oberfl\u00e4che zu entfernen &#8211; diese\u00a0Verunreinigungen k\u00f6nnen in extremen Umgebungen Korrosion verursachen.\u00a0 Die Tests erwiesen sich als erfolgreich und die Schlie\u00dfer wurden an allen Sicherheitsplattformen der Turbinen angebracht.<\/p>\n\n<p>Wir haben erfolgreich Projekte f\u00fcr 2 gro\u00dfe Windparks in Gro\u00dfbritannien abgeschlossen, die beide f\u00fcr die Anwendung ma\u00dfgeschneidert waren.\u00a0Diese und \u00e4hnliche Produkte eignen sich gut f\u00fcr Windturbinen und alle Offshore-Plattformen wie Umspannwerke und Offshore-\u00d6l- und Gasplattformen.\u00a0 Gatemaster entwirft seit \u00fcber 25 Jahren L\u00f6sungen f\u00fcr die Torindustrie. Wir sind bekannt f\u00fcr unser Fachwissen und unsere F\u00e4higkeit, eng mit den Designern zusammenzuarbeiten und ma\u00dfgeschneiderte technische L\u00f6sungen zu entwickeln.\u00a0 Wir arbeiten mit vielen Unternehmen auf der ganzen Welt zusammen und sind immer an den Herausforderungen interessiert, die unsere Kunden mit ma\u00dfgeschneiderten Torbeschl\u00e4gen haben.<\/p>\n\n<p><a href=\"https:\/\/www.gatemasterlocks.com\/de\/kontaktieren-sie-uns\/\" target=\"_blank\" rel=\"noreferrer noopener\">Nehmen Sie hier<\/a> Kontakt auf f\u00fcr weitere Informationen!<\/p>\n","protected":false},"excerpt":{"rendered":"<p>Vor f\u00fcnf Jahren wurde ein weltweit f\u00fchrendes Beratungsunternehmen f\u00fcr Design, Technik und Projektmanagement mit dem FEED (Front End Engineering Design) eines der gr\u00f6\u00dften Offshore-Windparkprojekte Gro\u00dfbritanniens betraut. Gatemaster wurde auf einen besonderen Aspekt des Entwurfs aufmerksam gemacht, n\u00e4mlich auf die Sicherheitsschleusen an den internen und externen Zugangsplattformen der Turbinen.\u00a0 Es wurde eine ma\u00dfgeschneiderte L\u00f6sung ben\u00f6tigt, um [&hellip;]<\/p>\n","protected":false},"author":12,"featured_media":0,"parent":0,"menu_order":0,"comment_status":"closed","ping_status":"closed","template":"","meta":{"_acf_changed":false,"footnotes":""},"class_list":["post-13273","page","type-page","status-publish","hentry"],"acf":[],"_links":{"self":[{"href":"https:\/\/www.gatemasterlocks.com\/de\/wp-json\/wp\/v2\/pages\/13273","targetHints":{"allow":["GET"]}}],"collection":[{"href":"https:\/\/www.gatemasterlocks.com\/de\/wp-json\/wp\/v2\/pages"}],"about":[{"href":"https:\/\/www.gatemasterlocks.com\/de\/wp-json\/wp\/v2\/types\/page"}],"author":[{"embeddable":true,"href":"https:\/\/www.gatemasterlocks.com\/de\/wp-json\/wp\/v2\/users\/12"}],"replies":[{"embeddable":true,"href":"https:\/\/www.gatemasterlocks.com\/de\/wp-json\/wp\/v2\/comments?post=13273"}],"version-history":[{"count":0,"href":"https:\/\/www.gatemasterlocks.com\/de\/wp-json\/wp\/v2\/pages\/13273\/revisions"}],"wp:attachment":[{"href":"https:\/\/www.gatemasterlocks.com\/de\/wp-json\/wp\/v2\/media?parent=13273"}],"curies":[{"name":"wp","href":"https:\/\/api.w.org\/{rel}","templated":true}]}}