{"id":6457,"date":"2021-12-14T10:36:27","date_gmt":"2021-12-14T10:36:27","guid":{"rendered":"https:\/\/gatemasterlock.wpenginepowered.com\/cookie-policy-2\/"},"modified":"2022-09-28T12:27:34","modified_gmt":"2022-09-28T11:27:34","slug":"cookie-policy","status":"publish","type":"page","link":"https:\/\/www.gatemasterlocks.com\/de\/cookie-policy\/","title":{"rendered":"Cookie-Richtlinie"},"content":{"rendered":"\n<p><strong>Zuletzt aktualisiert am 03. August 2020<\/strong><\/p>\n\n<p>Diese Cookie-Richtlinie erl\u00e4utert, wie Gatemaster Ltd (&#8220;<strong><\/strong>Unternehmen&#8221;<strong>,<\/strong>\u00a0<strong>&#8220;wir&#8221;, &#8220;uns<\/strong>\u00a0&#8221; und &#8220;<strong>unser<\/strong>&#8220;) Cookies und \u00e4hnliche Technologien verwendet, um Sie zu erkennen, wenn Sie unsere Websites unter https\u00a0<a href=\"https:\/\/www.gatemasterlocks.com\/de\/\">:\/\/www.gatemasterlocks.com<\/a>, (&#8220;<strong>Websites<\/strong>&#8220;) besuchen. Sie erkl\u00e4rt, was diese Technologien sind und warum wir sie verwenden, sowie Ihre Rechte, unsere Verwendung dieser Technologien zu kontrollieren.<\/p>\n\n<p>In einigen F\u00e4llen k\u00f6nnen wir Cookies verwenden, um pers\u00f6nliche Daten zu sammeln, oder die zu pers\u00f6nlichen Daten werden, wenn wir sie mit anderen Informationen kombinieren.<\/p>\n\n<p><strong>Was sind Cookies?<\/strong><\/p>\n\n<p>Cookies sind kleine Datendateien, die auf Ihrem Computer oder Mobilger\u00e4t gespeichert werden, wenn Sie eine Website besuchen. Cookies werden von Website-Betreibern h\u00e4ufig verwendet, um ihre Websites funktionsf\u00e4hig zu machen oder effizienter zu gestalten und um Informationen f\u00fcr die Berichterstattung bereitzustellen.<\/p>\n\n<p>Cookies, die vom Eigent\u00fcmer der Website (in diesem Fall Gatemaster Ltd) gesetzt werden, werden als &#8220;First Party Cookies&#8221; bezeichnet. Cookies, die von anderen Parteien als dem Eigent\u00fcmer der Website gesetzt werden, werden als &#8220;Drittanbieter-Cookies&#8221; bezeichnet. Cookies von Drittanbietern erm\u00f6glichen die Bereitstellung von Merkmalen oder Funktionen von Drittanbietern auf oder \u00fcber die Website (z. B. Werbung, interaktive Inhalte und Analysen). Die Parteien, die diese Drittanbieter-Cookies setzen, k\u00f6nnen Ihren Computer sowohl beim Besuch der betreffenden Website als auch beim Besuch bestimmter anderer Websites erkennen.<\/p>\n\n<p><strong>Warum verwenden wir Cookies?<\/strong><\/p>\n\n<p>Wir verwenden Cookies von Erst- und Drittanbietern aus verschiedenen Gr\u00fcnden. Einige Cookies sind aus technischen Gr\u00fcnden erforderlich, damit unsere Websites funktionieren. Wir bezeichnen diese als &#8220;wesentliche&#8221; oder &#8220;unbedingt notwendige&#8221; Cookies. Andere Cookies erm\u00f6glichen es uns au\u00dferdem, die Interessen unserer Nutzer zu verfolgen und gezielt zu verfolgen, um die Erfahrung auf unseren Online-Eigenschaften zu verbessern. Dritte setzen \u00fcber unsere Websites Cookies f\u00fcr Werbe-, Analyse- und andere Zwecke. Dies wird im Folgenden n\u00e4her beschrieben.<\/p>\n\n<p>Die spezifischen Arten von Cookies von Erstanbietern und Drittanbietern, die auf unseren Websites verwendet werden, und die Zwecke, die sie erf\u00fcllen, werden im Folgenden beschrieben (bitte beachten Sie, dass die spezifischen Cookies, die verwendet werden, je nach den spezifischen Online-Eigenschaften, die Sie besuchen, variieren k\u00f6nnen):<\/p>\n\n<p><strong>Wie kann ich Cookies kontrollieren?<\/strong><\/p>\n\n<p>Sie haben das Recht zu entscheiden, ob Sie Cookies akzeptieren oder ablehnen. Sie k\u00f6nnen Ihre Cookie-Rechte aus\u00fcben, indem Sie Ihre Einstellungen im Cookie Consent Manager vornehmen. Mit dem Cookie Consent Manager k\u00f6nnen Sie ausw\u00e4hlen, welche Kategorien von Cookies Sie akzeptieren oder ablehnen. Unverzichtbare Cookies k\u00f6nnen nicht abgelehnt werden, da sie unbedingt erforderlich sind, um Ihnen Dienste zur Verf\u00fcgung zu stellen.<\/p>\n\n<p>Den Cookie Consent Manager finden Sie im Benachrichtigungsbanner und auf unserer Website. Wenn Sie sich daf\u00fcr entscheiden, Cookies abzulehnen, k\u00f6nnen Sie unsere Website weiterhin nutzen, auch wenn Ihr Zugang zu einigen Funktionen und Bereichen unserer Website eingeschr\u00e4nkt sein kann. Sie k\u00f6nnen auch die Einstellungen Ihres Webbrowsers \u00e4ndern, um Cookies zu akzeptieren oder abzulehnen. Da die Mittel, mit denen Sie Cookies \u00fcber die Steuerelemente Ihres Webbrowsers ablehnen k\u00f6nnen, von Browser zu Browser unterschiedlich sind, sollten Sie das Hilfemen\u00fc Ihres Browsers f\u00fcr weitere Informationen besuchen.<\/p>\n\n<p>Dar\u00fcber hinaus bieten Ihnen die meisten Werbenetzwerke die M\u00f6glichkeit, gezielte Werbung abzulehnen. Wenn Sie weitere Informationen w\u00fcnschen, besuchen Sie\u00a0<a href=\"https:\/\/www.aboutads.info\/choices\/\" target=\"_blank\" rel=\"noreferrer noopener\">bitte https:\/\/www.aboutads.info\/choices<\/a>\u00a0\/\u00a0<a href=\"https:\/\/www.youronlinechoices.com\/\" target=\"_blank\" rel=\"noreferrer noopener\">oder https:\/\/www.youronlinechoices.com<\/a>.<\/p>\n\n<p>Die spezifischen Arten von Cookies von Erstanbietern und Drittanbietern, die auf unseren Websites verwendet werden, und die Zwecke, die sie erf\u00fcllen, sind in der nachstehenden Tabelle beschrieben (bitte beachten Sie, dass die spezifischen Cookies, die verwendet werden, je nach den spezifischen Online-Eigenschaften, die Sie besuchen, variieren k\u00f6nnen):<\/p>\n\n<p><strong>Wesentliche Website-Cookies:<\/strong><\/p>\n\n<p>Diese Cookies sind unbedingt erforderlich, um Ihnen die \u00fcber unsere Websites verf\u00fcgbaren Dienste zur Verf\u00fcgung zu stellen und einige ihrer Funktionen zu nutzen, z. B. den Zugang zu sicheren Bereichen.<\/p>\n\n<figure class=\"wp-block-table\"><table><tbody><tr><td>Name:<\/td><td>__tlbcpv<\/td><\/tr><tr><td>Zweck:<\/td><td>Wird verwendet, um die Aufrufe des Einwilligungsbanners durch einzelne Besucher zu erfassen.<\/td><\/tr><tr><td>Anbieter:<\/td><td>.termly.io<\/td><\/tr><tr><td>Service:<\/td><td>Termly View\u00a0<a href=\"https:\/\/termly.io\/our-privacy-policy\/\" target=\"_blank\" rel=\"noreferrer noopener\">Service Datenschutzbestimmungen<\/a><\/td><\/tr><tr><td>Land:<\/td><td>Vereinigte Staaten von Amerika<\/td><\/tr><tr><td>Typ:<\/td><td>http_cookie<\/td><\/tr><tr><td>L\u00e4uft aus in:<\/td><td>1 Jahr<\/td><\/tr><\/tbody><\/table><\/figure>\n\n<p><strong>Analyse- und Anpassungs-Cookies:<\/strong><\/p>\n\n<p>Diese Cookies sammeln Informationen, die entweder in zusammengefasster Form verwendet werden, um uns dabei zu helfen, zu verstehen, wie unsere Websites genutzt werden oder wie effektiv unsere Marketingkampagnen sind, oder um uns zu helfen, unsere Websites f\u00fcr Sie anzupassen.<\/p>\n\n<figure class=\"wp-block-table\"><table><tbody><tr><td>Name:<\/td><td>#collect<\/td><\/tr><tr><td>Zweck:<\/td><td>Sendet Daten wie das Verhalten und das Ger\u00e4t des Besuchers an Google Analytics. Es ist in der Lage, den Besucher \u00fcber alle Marketingkan\u00e4le und Ger\u00e4te hinweg zu verfolgen. Es handelt sich um einen Cookie vom Typ Pixel Tracker, dessen Aktivit\u00e4t innerhalb der Browsersitzung andauert.<\/td><\/tr><tr><td>Anbieter:<\/td><td>www.gatemasterlocks.com<\/td><\/tr><tr><td>Service:<\/td><td>Google Analytics\u00a0<a href=\"https:\/\/policies.google.com\/privacy\" target=\"_blank\" rel=\"noreferrer noopener\">View Service Datenschutzbestimmungen<\/a><\/td><\/tr><tr><td>Land:<\/td><td>Vereinigte Staaten von Amerika<\/td><\/tr><tr><td>Typ:<\/td><td>pixel_tracker<\/td><\/tr><tr><td>L\u00e4uft aus in:<\/td><td>Session<\/td><\/tr><\/tbody><\/table><\/figure>\n\n<figure class=\"wp-block-table\"><table><tbody><tr><td>Name:<\/td><td>_gid<\/td><\/tr><tr><td>Zweck:<\/td><td>Speichert einen Eintrag mit einer eindeutigen ID, die dann f\u00fcr statistische Daten \u00fcber die Nutzung der Website durch Besucher verwendet wird. Es handelt sich um einen HTTP-Cookie-Typ, der nach einer Browsing-Sitzung abl\u00e4uft.<\/td><\/tr><tr><td>Anbieter:<\/td><td>.gatemasterlocks.com<\/td><\/tr><tr><td>Service:<\/td><td>Google Analytics\u00a0<a href=\"https:\/\/policies.google.com\/privacy\" target=\"_blank\" rel=\"noreferrer noopener\">View Service Datenschutzbestimmungen<\/a><\/td><\/tr><tr><td>Land:<\/td><td>Gro\u00dfbritannien<\/td><\/tr><tr><td>Typ:<\/td><td>http_cookie<\/td><\/tr><tr><td>L\u00e4uft aus in:<\/td><td>1 Tag<\/td><\/tr><\/tbody><\/table><\/figure>\n\n<figure class=\"wp-block-table\"><table><tbody><tr><td>Name:<\/td><td>_ga<\/td><\/tr><tr><td>Zweck:<\/td><td>Sie zeichnet eine bestimmte ID auf, die verwendet wird, um Daten \u00fcber die Nutzung der Website durch den Benutzer zu erhalten. Es handelt sich um ein HTTP-Cookie, das nach 2 Jahren abl\u00e4uft.<\/td><\/tr><tr><td>Anbieter:<\/td><td>.gatemasterlocks.com<\/td><\/tr><tr><td>Service:<\/td><td>Google Analytics\u00a0<a href=\"https:\/\/policies.google.com\/privacy\" target=\"_blank\" rel=\"noreferrer noopener\">View Service Datenschutzbestimmungen<\/a><\/td><\/tr><tr><td>Land:<\/td><td>Gro\u00dfbritannien<\/td><\/tr><tr><td>Typ:<\/td><td>http_cookie<\/td><\/tr><tr><td>L\u00e4uft aus in:<\/td><td>1 Jahr 11 Monate 29 Tage<\/td><\/tr><\/tbody><\/table><\/figure>\n\n<figure class=\"wp-block-table\"><table><tbody><tr><td>Name:<\/td><td>NID<\/td><\/tr><tr><td>Zweck:<\/td><td>Von Google festgelegt, um eine eindeutige Benutzer-ID festzulegen und sich an die Benutzereinstellungen zu erinnern. Persistentes Cookie, das 182 Tage lang bleibt<\/td><\/tr><tr><td>Anbieter:<\/td><td>.google.com<\/td><\/tr><tr><td>Service:<\/td><td>Google\u00a0<a href=\"https:\/\/policies.google.com\/privacy\" target=\"_blank\" rel=\"noreferrer noopener\">View Service Datenschutzbestimmungen<\/a><\/td><\/tr><tr><td>Land:<\/td><td>Vereinigte Staaten von Amerika<\/td><\/tr><tr><td>Typ:<\/td><td>server_cookie<\/td><\/tr><tr><td>L\u00e4uft aus in:<\/td><td>6 Monate<\/td><\/tr><\/tbody><\/table><\/figure>\n\n<figure class=\"wp-block-table\"><table><tbody><tr><td>Name:<\/td><td>_gat#<\/td><\/tr><tr><td>Zweck:<\/td><td>Erm\u00f6glicht Google Analytics die Regulierung der Abfragerate. Es handelt sich um einen HTTP-Cookie-Typ, der f\u00fcr eine Sitzung g\u00fcltig ist.<\/td><\/tr><tr><td>Anbieter:<\/td><td>.gatemasterlocks.com<\/td><\/tr><tr><td>Service:<\/td><td>Google Analytics\u00a0<a href=\"https:\/\/policies.google.com\/privacy\" target=\"_blank\" rel=\"noreferrer noopener\">View Service Datenschutzbestimmungen<\/a><\/td><\/tr><tr><td>Land:<\/td><td>Gro\u00dfbritannien<\/td><\/tr><tr><td>Typ:<\/td><td>http_cookie<\/td><\/tr><tr><td>L\u00e4uft aus in:<\/td><td>1 Minute<\/td><\/tr><\/tbody><\/table><\/figure>\n\n<p><strong>Werbe-Cookies:<\/strong><\/p>\n\n<p>Diese Cookies werden verwendet, um Werbebotschaften f\u00fcr Sie relevanter zu machen. Sie erf\u00fcllen Funktionen wie das Verhindern, dass dieselbe Anzeige immer wieder erscheint, das Sicherstellen, dass die Anzeigen f\u00fcr die Werbetreibenden richtig angezeigt werden, und in einigen F\u00e4llen die Auswahl von Anzeigen, die auf Ihren Interessen basieren.<\/p>\n\n<figure class=\"wp-block-table\"><table><tbody><tr><td>Name:<\/td><td>a<\/td><\/tr><tr><td>Zweck:<\/td><td>Registriert eine eindeutige ID, die das Ger\u00e4t eines zur\u00fcckkehrenden Benutzers identifiziert. Die ID wird f\u00fcr gezielte Werbung verwendet.<\/td><\/tr><tr><td>Anbieter:<\/td><td>www.gatemasterlocks.com<\/td><\/tr><tr><td>Service:<\/td><td>Cox Digital Solutions (ehemals Adify)\u00a0<a href=\"https:\/\/www.novomotus.com\/privacy-policy\/\" target=\"_blank\" rel=\"noreferrer noopener\">Service ansehen Datenschutzbestimmungen<\/a><\/td><\/tr><tr><td>Land:<\/td><td>Vereinigte Staaten von Amerika<\/td><\/tr><tr><td>Typ:<\/td><td>pixel_tracker<\/td><\/tr><tr><td>L\u00e4uft aus in:<\/td><td>Session<\/td><\/tr><\/tbody><\/table><\/figure>\n\n<figure class=\"wp-block-table\"><table><tbody><tr><td>Name:<\/td><td>wc_fragments_#<\/td><\/tr><tr><td>Zweck:<\/td><td>Wird verwendet, um sich an Artikel zu erinnern, die ein Benutzer in einen Einkaufswagen gelegt hat, und um sicherzustellen, dass die Warenkorbfunktionalit\u00e4t einwandfrei funktioniert.<\/td><\/tr><tr><td>Anbieter:<\/td><td>www.gatemasterlocks.com<\/td><\/tr><tr><td>Service:<\/td><td>Woocommerce\u00a0<a href=\"https:\/\/wordpress.org\/about\/privacy\/cookies\/\" target=\"_blank\" rel=\"noreferrer noopener\">View Service Datenschutzbestimmungen<\/a><\/td><\/tr><tr><td>Land:<\/td><td>Gro\u00dfbritannien<\/td><\/tr><tr><td>Typ:<\/td><td>html_session_storage<\/td><\/tr><tr><td>L\u00e4uft aus in:<\/td><td>Session<\/td><\/tr><\/tbody><\/table><\/figure>\n\n<p><strong>Nicht klassifizierte Cookies<\/strong>\u00a0Dies sind Cookies, die noch nicht kategorisiert wurden. Wir sind gerade dabei, diese Cookies mit Hilfe ihrer Anbieter zu klassifizieren.<\/p>\n\n<figure class=\"wp-block-table\"><table><tbody><tr><td>Name:<\/td><td>wc_cart_hash_2dff759faa12de27bd2639af0b99a902-fr<\/td><\/tr><tr><td>Zweck:<\/td><td>__________<\/td><\/tr><tr><td>Anbieter:<\/td><td>www.gatemasterlocks.com<\/td><\/tr><tr><td>Service:<\/td><td>__________<\/td><\/tr><tr><td>Land:<\/td><td>Gro\u00dfbritannien<\/td><\/tr><tr><td>Typ:<\/td><td>html_local_storage<\/td><\/tr><tr><td>L\u00e4uft aus in:<\/td><td>persistent<\/td><\/tr><\/tbody><\/table><\/figure>\n\n<figure class=\"wp-block-table\"><table><tbody><tr><td>Name:<\/td><td>wc_cart_hash_2dff759faa12de27bd2639af0b99a902-de<\/td><\/tr><tr><td>Zweck:<\/td><td>__________<\/td><\/tr><tr><td>Anbieter:<\/td><td>www.gatemasterlocks.com<\/td><\/tr><tr><td>Service:<\/td><td>__________<\/td><\/tr><tr><td>Land:<\/td><td>Gro\u00dfbritannien<\/td><\/tr><tr><td>Typ:<\/td><td>html_local_storage<\/td><\/tr><tr><td>L\u00e4uft aus in:<\/td><td>persistent<\/td><\/tr><\/tbody><\/table><\/figure>\n\n<figure class=\"wp-block-table\"><table><tbody><tr><td>Name:<\/td><td>wc_cart_hash_2dff759faa12de27bd2639af0b99a902-nl<\/td><\/tr><tr><td>Zweck:<\/td><td>__________<\/td><\/tr><tr><td>Anbieter:<\/td><td>www.gatemasterlocks.com<\/td><\/tr><tr><td>Service:<\/td><td>__________<\/td><\/tr><tr><td>Land:<\/td><td>Gro\u00dfbritannien<\/td><\/tr><tr><td>Typ:<\/td><td>html_local_storage<\/td><\/tr><tr><td>L\u00e4uft aus in:<\/td><td>persistent<\/td><\/tr><\/tbody><\/table><\/figure>\n\n<figure class=\"wp-block-table\"><table><tbody><tr><td>Name:<\/td><td>wc_cart_hash_2dff759faa12de27bd2639af0b99a902-en-au<\/td><\/tr><tr><td>Zweck:<\/td><td>__________<\/td><\/tr><tr><td>Anbieter:<\/td><td>www.gatemasterlocks.com<\/td><\/tr><tr><td>Service:<\/td><td>__________<\/td><\/tr><tr><td>Land:<\/td><td>Gro\u00dfbritannien<\/td><\/tr><tr><td>Typ:<\/td><td>html_local_storage<\/td><\/tr><tr><td>L\u00e4uft aus in:<\/td><td>persistent<\/td><\/tr><\/tbody><\/table><\/figure>\n\n<figure class=\"wp-block-table\"><table><tbody><tr><td>Name:<\/td><td>wc_cart_hash_2dff759faa12de27bd2639af0b99a902-en-us<\/td><\/tr><tr><td>Zweck:<\/td><td>__________<\/td><\/tr><tr><td>Anbieter:<\/td><td>www.gatemasterlocks.com<\/td><\/tr><tr><td>Service:<\/td><td>__________<\/td><\/tr><tr><td>Land:<\/td><td>Gro\u00dfbritannien<\/td><\/tr><tr><td>Typ:<\/td><td>html_local_storage<\/td><\/tr><tr><td>L\u00e4uft aus in:<\/td><td>persistent<\/td><\/tr><\/tbody><\/table><\/figure>\n\n<figure class=\"wp-block-table\"><table><tbody><tr><td>Name:<\/td><td>wc_cart_hash_2dff759faa12de27bd2639af0b99a902-en<\/td><\/tr><tr><td>Zweck:<\/td><td>__________<\/td><\/tr><tr><td>Anbieter:<\/td><td>www.gatemasterlocks.com<\/td><\/tr><tr><td>Service:<\/td><td>__________<\/td><\/tr><tr><td>Land:<\/td><td>Gro\u00dfbritannien<\/td><\/tr><tr><td>Typ:<\/td><td>html_local_storage<\/td><\/tr><tr><td>L\u00e4uft aus in:<\/td><td>persistent<\/td><\/tr><\/tbody><\/table><\/figure>\n\n<p><strong>Was ist mit anderen Tracking-Technologien wie Web-Beacons?<\/strong>\u00a0Cookies sind nicht die einzige M\u00f6glichkeit,\u00a0Besucher einer Website zu erkennen oder zu verfolgen. Wir k\u00f6nnen von Zeit zu Zeit andere, \u00e4hnliche Technologien verwenden, wie z.B. Web Beacons (manchmal auch &#8220;Tracking Pixel&#8221; oder &#8220;Clear Gifs&#8221; genannt). Dies sind winzige Grafikdateien, die eine eindeutige Kennung enthalten, anhand derer wir erkennen k\u00f6nnen,\u00a0ob jemand unsere Websites besucht oder eine E-Mail ge\u00f6ffnet hat, die sie enth\u00e4lt. Auf diese Weise k\u00f6nnen wir z.B. die Verkehrsmuster\u00a0der Nutzer von einer Seite innerhalb einer Website zu einer anderen \u00fcberwachen, Cookies zustellen oder mit ihnen kommunizieren, nachvollziehen, ob Sie \u00fcber eine Online-Werbung, die auf einer Website eines Dritten angezeigt wird, auf die Website gelangt sind, die Leistung der Website verbessern und den Erfolg von E-Mail-Marketingkampagnen messen. In vielen F\u00e4llen sind diese Technologien auf Cookies angewiesen, um ordnungsgem\u00e4\u00df zu funktionieren, so dass die Ablehnung von Cookies deren Funktion beeintr\u00e4chtigt.\u00a0<\/p>\n\n<p><strong>Was ist mit anderen Tracking-Technologien wie Web-Beacons?<\/strong><\/p>\n\n<p>Cookies sind nicht die einzige M\u00f6glichkeit, Besucher einer Website zu erkennen oder zu verfolgen. Wir k\u00f6nnen von Zeit zu Zeit andere, \u00e4hnliche Technologien verwenden, wie z.B. Web Beacons (manchmal auch &#8220;Tracking Pixel&#8221; oder &#8220;Clear Gifs&#8221; genannt). Dies sind winzige Grafikdateien, die eine eindeutige Kennung enthalten, anhand derer wir erkennen k\u00f6nnen, ob jemand unsere Websites besucht oder eine E-Mail ge\u00f6ffnet hat, die sie enth\u00e4lt. Auf diese Weise k\u00f6nnen wir z. B. die Verkehrsmuster der Nutzer von einer Seite innerhalb einer Website zu einer anderen \u00fcberwachen, Cookies zustellen oder mit ihnen kommunizieren, nachvollziehen, ob Sie \u00fcber eine Online-Werbung, die auf einer Website eines Dritten angezeigt wird, auf die Website gelangt sind, die Leistung der Website verbessern und den Erfolg von E-Mail-Marketingkampagnen messen. In vielen F\u00e4llen sind diese Technologien auf Cookies angewiesen, um ordnungsgem\u00e4\u00df zu funktionieren, so dass die Ablehnung von Cookies deren Funktion beeintr\u00e4chtigt.<\/p>\n\n<p><strong>Verwenden Sie Flash-Cookies oder sogenannte Local Shared Objects?<\/strong><\/p>\n\n<p>Websites k\u00f6nnen auch so genannte &#8220;Flash Cookies&#8221; (auch bekannt als Local Shared Objects oder &#8220;LSOs&#8221;) verwenden, um unter anderem Informationen \u00fcber Ihre Nutzung unserer Dienste zu sammeln und zu speichern, um Betrug vorzubeugen und um andere Funktionen der Website zu nutzen.<\/p>\n\n<p>Wenn Sie nicht m\u00f6chten, dass Flash-Cookies auf Ihrem Computer gespeichert werden, k\u00f6nnen Sie die Einstellungen Ihres Flash-Players so anpassen, dass die Speicherung von Flash-Cookies blockiert wird, indem Sie die Tools im\u00a0<a href=\"https:\/\/www.macromedia.com\/support\/documentation\/en\/flashplayer\/help\/settings_manager07.html\" target=\"_blank\" rel=\"noreferrer noopener\">Einstellungsbereich f\u00fcr die Website-Speicherung verwenden<\/a>. Sie k\u00f6nnen Flash-Cookies auch kontrollieren, indem Sie das\u00a0<a href=\"https:\/\/www.macromedia.com\/support\/documentation\/en\/flashplayer\/help\/settings_manager03.html\" target=\"_blank\" rel=\"noreferrer noopener\">Panel<\/a>\u00a0Globale Speichereinstellungen aufrufen und die Anweisungen befolgen (die Anweisungen k\u00f6nnen beispielsweise erkl\u00e4ren, wie Sie bestehende Flash-Cookies (auf der Macromedia-Website als &#8220;Informationen&#8221; bezeichnet) l\u00f6schen k\u00f6nnen, wie Sie verhindern k\u00f6nnen, dass Flash-LSOs ungefragt auf Ihrem Computer abgelegt werden, und (f\u00fcr Flash Player 8 und h\u00f6her) wie Sie Flash-Cookies blockieren k\u00f6nnen, die nicht vom Betreiber der Seite, auf der Sie sich gerade befinden, geliefert werden).<\/p>\n\n<p>Bitte beachten Sie, dass die Einstellung des Flash-Players, die Annahme von Flash-Cookies einzuschr\u00e4nken oder zu begrenzen, die Funktionalit\u00e4t einiger Flash-Anwendungen einschr\u00e4nken oder behindern kann, darunter m\u00f6glicherweise auch Flash-Anwendungen, die in Verbindung mit unseren Diensten oder Online-Inhalten verwendet werden.<\/p>\n\n<p><strong>Schalten Sie gezielte Werbung?<\/strong><\/p>\n\n<p>Dritte k\u00f6nnen Cookies auf Ihrem Computer oder Mobilger\u00e4t ablegen, um Werbung \u00fcber unsere Websites zu schalten. Diese Unternehmen k\u00f6nnen Informationen \u00fcber Ihre Besuche auf dieser und anderen Websites nutzen, um Ihnen relevante Werbung f\u00fcr Waren und Dienstleistungen anzubieten, an denen Sie interessiert sein k\u00f6nnten. Sie k\u00f6nnen auch Technologien einsetzen, die zur Messung der Wirksamkeit von Werbung verwendet werden. Dies kann dadurch geschehen, dass sie Cookies oder Web Beacons verwenden, um Informationen \u00fcber Ihre Besuche auf dieser und anderen Websites zu sammeln, damit wir Ihnen relevante Werbung \u00fcber Waren und Dienstleistungen anbieten k\u00f6nnen, die Sie m\u00f6glicherweise interessieren. Die auf diese Weise gesammelten Informationen erm\u00f6glichen es weder uns noch den anderen Anbietern, Ihren Namen, Ihre Kontaktdaten oder andere Angaben, die Sie direkt identifizieren, zu ermitteln, es sei denn, Sie stellen diese freiwillig zur Verf\u00fcgung.<\/p>\n\n<p><strong>Wie oft werden diese Cookie-Richtlinie aktualisiert?<\/strong><\/p>\n\n<p>Wir k\u00f6nnen diese Cookie-Richtlinie von Zeit zu Zeit aktualisieren, um z. B. \u00c4nderungen an den von uns verwendeten Cookies zu ber\u00fccksichtigen oder aus anderen betrieblichen, rechtlichen oder regulatorischen Gr\u00fcnden. Bitte besuchen Sie diese Cookie-Richtlinie daher regelm\u00e4\u00dfig, um \u00fcber unsere Verwendung von Cookies und verwandten Technologien informiert zu bleiben.<\/p>\n\n<p>Das Datum am oberen Rand dieser Cookie-Richtlinie zeigt an, wann sie zuletzt aktualisiert wurde.<\/p>\n\n<p><strong>Wo kann ich weitere Informationen erhalten?<\/strong><\/p>\n\n<p>Wenn Sie Fragen zu unserer Verwendung von Cookies oder anderen Technologien haben, senden Sie uns bitte eine E-Mail an sales@gatemasterlocks.com oder per Post an:<\/p>\n\n<p>Gatemaster Ltd<br\/>Unit 5 Dickinson Place<br\/>Bognor Regis, West Sussex PO22 9QU<br\/>Gro\u00dfbritannien<br\/>Telefon: +44 (0)1243 558580<\/p>\n","protected":false},"excerpt":{"rendered":"<p>Zuletzt aktualisiert am 03. August 2020 Diese Cookie-Richtlinie erl\u00e4utert, wie Gatemaster Ltd (&#8220;Unternehmen&#8221;,\u00a0&#8220;wir&#8221;, &#8220;uns\u00a0&#8221; und &#8220;unser&#8220;) Cookies und \u00e4hnliche Technologien verwendet, um Sie zu erkennen, wenn Sie unsere Websites unter https\u00a0:\/\/www.gatemasterlocks.com, (&#8220;Websites&#8220;) besuchen. Sie erkl\u00e4rt, was diese Technologien sind und warum wir sie verwenden, sowie Ihre Rechte, unsere Verwendung dieser Technologien zu kontrollieren. In einigen [&hellip;]<\/p>\n","protected":false},"author":12,"featured_media":0,"parent":0,"menu_order":0,"comment_status":"closed","ping_status":"closed","template":"","meta":{"_acf_changed":false,"footnotes":""},"class_list":["post-6457","page","type-page","status-publish","hentry"],"acf":[],"_links":{"self":[{"href":"https:\/\/www.gatemasterlocks.com\/de\/wp-json\/wp\/v2\/pages\/6457","targetHints":{"allow":["GET"]}}],"collection":[{"href":"https:\/\/www.gatemasterlocks.com\/de\/wp-json\/wp\/v2\/pages"}],"about":[{"href":"https:\/\/www.gatemasterlocks.com\/de\/wp-json\/wp\/v2\/types\/page"}],"author":[{"embeddable":true,"href":"https:\/\/www.gatemasterlocks.com\/de\/wp-json\/wp\/v2\/users\/12"}],"replies":[{"embeddable":true,"href":"https:\/\/www.gatemasterlocks.com\/de\/wp-json\/wp\/v2\/comments?post=6457"}],"version-history":[{"count":0,"href":"https:\/\/www.gatemasterlocks.com\/de\/wp-json\/wp\/v2\/pages\/6457\/revisions"}],"wp:attachment":[{"href":"https:\/\/www.gatemasterlocks.com\/de\/wp-json\/wp\/v2\/media?parent=6457"}],"curies":[{"name":"wp","href":"https:\/\/api.w.org\/{rel}","templated":true}]}}