{"id":6467,"date":"2021-12-14T10:35:58","date_gmt":"2021-12-14T10:35:58","guid":{"rendered":"https:\/\/gatemasterlock.wpenginepowered.com\/privacy-policy\/"},"modified":"2022-09-28T12:27:34","modified_gmt":"2022-09-28T11:27:34","slug":"privacy-policy","status":"publish","type":"page","link":"https:\/\/www.gatemasterlocks.com\/de\/privacy-policy\/","title":{"rendered":"Datenschutzerkl\u00e4rung"},"content":{"rendered":"\n<p>Zuletzt aktualisiert am 28. Juli 2020<br\/>Vielen Dank, dass Sie sich entschieden haben, Teil unserer Gemeinschaft bei Gatemaster Ltd (&#8220;Unternehmen&#8221;, &#8220;wir&#8221;, &#8220;uns&#8221; oder &#8220;unser&#8221;) zu werden. Wir verpflichten uns, Ihre pers\u00f6nlichen Daten und Ihr Recht auf Privatsph\u00e4re zu sch\u00fctzen. Wenn Sie Fragen oder Bedenken bez\u00fcglich unserer Richtlinien oder unserer Praktiken in Bezug auf Ihre pers\u00f6nlichen Daten haben, kontaktieren Sie uns bitte unter sales@gatemasterlocks.com.<\/p>\n\n<p>Wenn Sie unsere Website https:\/\/www.gatemasterlocks.com besuchen und unsere Dienste nutzen, vertrauen Sie uns Ihre pers\u00f6nlichen Daten an. Wir nehmen Ihre Privatsph\u00e4re sehr ernst. In diesem Datenschutzhinweis beschreiben wir unsere Datenschutzpolitik. Wir versuchen, Ihnen so klar wie m\u00f6glich zu erkl\u00e4ren, welche Daten wir sammeln, wie wir sie verwenden und welche Rechte Sie in Bezug auf diese Daten haben. Wir hoffen, dass Sie sich etwas Zeit nehmen, um die Erkl\u00e4rung sorgf\u00e4ltig durchzulesen, denn sie ist wichtig. Sollten Sie mit einigen Bestimmungen dieser Datenschutzrichtlinie nicht einverstanden sein, stellen Sie bitte die Nutzung unserer Websites und unserer Dienste ein.<\/p>\n\n<p>Diese Datenschutzrichtlinie gilt f\u00fcr alle Informationen, die \u00fcber unsere Website (z. B. https:\/\/www.gatemasterlocks.com) und\/oder damit verbundene Dienstleistungen, Verk\u00e4ufe, Marketing oder Veranstaltungen gesammelt werden (wir bezeichnen sie in dieser Datenschutzrichtlinie zusammenfassend als die &#8220;Seiten&#8221;).<\/p>\n\n<p>Bitte lesen Sie diese Datenschutzerkl\u00e4rung sorgf\u00e4ltig durch, denn sie wird Ihnen helfen, fundierte Entscheidungen \u00fcber die Weitergabe Ihrer pers\u00f6nlichen Daten an uns zu treffen.<\/p>\n\n<p><\/p>\n\n<h2 class=\"wp-block-heading\">1. WELCHE DATEN ERFASSEN WIR?<\/h2>\n\n<p><strong>Automatisch erfasste Daten<\/strong><\/p>\n\n<p><em><strong>Kurz gesagt:<\/strong>\u00a0Einige Informationen &#8211; wie IP-Adresse und\/oder Browser- und Ger\u00e4teeigenschaften &#8211; werden automatisch erfasst, wenn Sie unsere Websites besuchen<\/em><\/p>\n\n<p>Wir erfassen automatisch bestimmte Informationen, wenn Sie die Websites besuchen, nutzen oder auf ihnen navigieren. Diese Informationen geben keinen Aufschluss \u00fcber Ihre Identit\u00e4t (wie z. B. Ihren Namen oder Ihre Kontaktdaten), k\u00f6nnen aber Ger\u00e4te- und Nutzungsdaten enthalten, wie z. B. Ihre IP-Adresse, Browser- und Ger\u00e4teeigenschaften, Betriebssystem, Spracheinstellungen, verweisende URLs, Ger\u00e4tename, Land, Standort, Informationen dar\u00fcber, wie und wann Sie unsere Websites nutzen, und andere technische Informationen. Diese Informationen werden in erster Linie ben\u00f6tigt, um die Sicherheit und den Betrieb unserer Websites aufrechtzuerhalten sowie f\u00fcr unsere internen Analyse- und Berichtszwecke.<\/p>\n\n<p>Wie viele andere Unternehmen sammeln auch wir Informationen durch Cookies und \u00e4hnliche Technologien.<\/p>\n\n<p><strong>Aus anderen Quellen gesammelte Informationen<\/strong><\/p>\n\n<p><em><strong>Kurz gesagt:<\/strong>\u00a0Wir k\u00f6nnen begrenzte Daten von \u00f6ffentlichen Datenbanken, Marketingpartnern und anderen externen Quellen sammeln.<\/em><\/p>\n\n<p>Wir k\u00f6nnen Informationen \u00fcber Sie aus anderen Quellen erhalten, wie z. B. aus \u00f6ffentlichen Datenbanken, gemeinsamen Marketingpartnern sowie von anderen Dritten. Beispiele f\u00fcr Informationen, die wir aus anderen Quellen erhalten, sind: Profilinformationen aus sozialen Medien, Marketing-Leads sowie Suchergebnisse und Links, einschlie\u00dflich bezahlter Angebote (wie gesponserte Links).<\/p>\n\n<p><\/p>\n\n<h2 class=\"wp-block-heading\">2. WIE VERWENDEN WIR IHRE DATEN?<\/h2>\n\n<p><em><strong>Kurz gesagt:<\/strong>\u00a0Wir verarbeiten Ihre Daten f\u00fcr Zwecke, die auf legitimen Gesch\u00e4ftsinteressen, der Erf\u00fcllung unseres Vertrags mit Ihnen, der Einhaltung unserer gesetzlichen Verpflichtungen und\/oder Ihrer Zustimmung beruhen.<\/em><\/p>\n\n<p>Wir verwenden personenbezogene Daten, die \u00fcber unsere Websites gesammelt werden, f\u00fcr eine Reihe von Gesch\u00e4ftszwecken, die im Folgenden beschrieben werden. Wir verarbeiten Ihre personenbezogenen Daten zu diesen Zwecken auf der Grundlage unserer legitimen Gesch\u00e4ftsinteressen (&#8220;Gesch\u00e4ftszwecke&#8221;), um einen Vertrag mit Ihnen abzuschlie\u00dfen oder zu erf\u00fcllen (&#8220;Vertragliche Zwecke&#8221;), mit Ihrer Zustimmung (&#8220;Zustimmung&#8221;) und\/oder zur Erf\u00fcllung unserer gesetzlichen Verpflichtungen (&#8220;Rechtliche Gr\u00fcnde&#8221;). Wir geben die spezifischen Verarbeitungsgr\u00fcnde, auf die wir uns st\u00fctzen, neben jedem unten aufgef\u00fchrten Zweck an.<\/p>\n\n<p>Wir verwenden die Daten, die wir sammeln oder erhalten:<\/p>\n\n<ul class=\"wp-block-list\"><li><strong>Zum Schutz unserer Websites.<\/strong>\u00a0Wir k\u00f6nnen Ihre Daten im Rahmen unserer Bem\u00fchungen um die Sicherheit unserer Websites verwenden (z. B. zur \u00dcberwachung und Verhinderung von Betrug).<\/li><li><strong>Um unsere Bedingungen und Richtlinien durchzusetzen.<\/strong><\/li><li><strong>Um auf rechtliche Anfragen zu reagieren und Schaden abzuwenden.<\/strong>\u00a0Wenn wir eine Vorladung oder ein anderes rechtliches Ersuchen erhalten, m\u00fcssen wir m\u00f6glicherweise die bei uns gespeicherten Daten einsehen, um zu entscheiden, wie wir darauf reagieren sollen.<\/li><li><strong>F\u00fcr andere Gesch\u00e4ftszwecke.<\/strong>\u00a0Wir k\u00f6nnen Ihre Daten f\u00fcr andere gesch\u00e4ftliche Zwecke verwenden, wie z. B. zur Datenanalyse, zur Ermittlung von Nutzungstrends, zur Bestimmung der Wirksamkeit unserer Werbekampagnen und zur Bewertung und Verbesserung unserer Websites, Produkte, Dienstleistungen, des Marketings und Ihrer Erfahrungen.<\/li><\/ul>\n\n<h2 class=\"wp-block-heading\">3. WERDEN IHRE DATEN AN DRITTE WEITERGEGEBEN?<\/h2>\n\n<p><em><strong>Kurz gesagt:<\/strong>\u00a0Wir geben Daten nur mit Ihrer Zustimmung weiter, um Gesetze einzuhalten, Ihre Rechte zu sch\u00fctzen oder um gesch\u00e4ftliche Verpflichtungen zu erf\u00fcllen.<\/em><\/p>\n\n<p>Wir k\u00f6nnen Daten auf der Grundlage der folgenden Rechtsgrundlage verarbeiten oder weitergeben:<\/p>\n\n<ul class=\"wp-block-list\"><li><strong>Einverst\u00e4ndnis: Wir k\u00f6nnen<\/strong>Ihre Daten verarbeiten, wenn Sie uns Ihre ausdr\u00fcckliche Zustimmung gegeben haben, Ihre pers\u00f6nlichen Daten f\u00fcr einen bestimmten Zweck zu verwenden.<\/li><li><strong>Berechtigte Interessen:<\/strong>\u00a0Wir k\u00f6nnen Ihre Daten verarbeiten, wenn dies zur Wahrung unserer legitimen Gesch\u00e4ftsinteressen erforderlich ist.<\/li><li><strong>Vertragserf\u00fcllung:<\/strong>\u00a0Wenn wir einen Vertrag mit Ihnen geschlossen haben, k\u00f6nnen wir Ihre pers\u00f6nlichen Daten verarbeiten, um die Bedingungen unseres Vertrags zu erf\u00fcllen.<\/li><li><strong>Gesetzliche Verpflichtungen:<\/strong>\u00a0Wir k\u00f6nnen Ihre Daten offenlegen, wenn wir rechtlich dazu verpflichtet sind, um geltendem Recht, beh\u00f6rdlichen Aufforderungen, einem Gerichtsverfahren, einem Gerichtsbeschluss oder einem rechtlichen Verfahren nachzukommen, z. B. als Reaktion auf einen Gerichtsbeschluss oder eine Vorladung (einschlie\u00dflich der Reaktion auf Beh\u00f6rden zur Erf\u00fcllung nationaler Sicherheits- oder Strafverfolgungsanforderungen).<\/li><li><strong>Wichtige Interessen:<\/strong>\u00a0Wir k\u00f6nnen Ihre Daten offenlegen, wenn wir glauben, dass dies notwendig ist, um potenzielle Verst\u00f6\u00dfe gegen unsere Richtlinien, Betrugsverdacht, Situationen, die eine potenzielle Bedrohung f\u00fcr die Sicherheit einer Person darstellen, und illegale Aktivit\u00e4ten zu untersuchen, zu verhindern oder Ma\u00dfnahmen zu ergreifen, oder als Beweismittel in Rechtsstreitigkeiten, an denen wir beteiligt sind.<\/li><\/ul>\n\n<p>Konkret kann es sein, dass wir in den folgenden Situationen Ihre Daten verarbeiten oder Ihre pers\u00f6nlichen Informationen weitergeben m\u00fcssen:<\/p>\n\n<ul class=\"wp-block-list\"><li>Gesch\u00e4fts\u00fcbertragungen. Wir k\u00f6nnen Ihre Daten in Verbindung mit oder w\u00e4hrend der Verhandlungen \u00fcber eine Fusion, den Verkauf von Unternehmensverm\u00f6gen, eine Finanzierung oder die \u00dcbernahme unseres gesamten oder eines Teils unseres Unternehmens durch ein anderes Unternehmen weitergeben oder \u00fcbertragen.<\/li><li>Werbetreibende Dritte. Wir k\u00f6nnen Drittanbieter nutzen, um Anzeigen zu schalten, wenn Sie die Seiten besuchen. Diese Unternehmen k\u00f6nnen Informationen \u00fcber Ihre Besuche auf unserer\/unseren Website(s) und anderen Websites verwenden, die in Web-Cookies und anderen Tracking-Technologien enthalten sind, um Ihnen Werbung f\u00fcr Waren und Dienstleistungen anzubieten, die Sie interessieren.<\/li><\/ul>\n\n<h2 class=\"wp-block-heading\">4. VERWENDEN WIR COOKIES UND ANDERE TRACKING-TECHNOLOGIEN?<\/h2>\n\n<p><em><strong>Kurz gesagt:<\/strong>\u00a0Wir geben Daten nur mit Ihrer Zustimmung weiter, um Gesetze einzuhalten, Ihre Rechte zu sch\u00fctzen oder um gesch\u00e4ftliche Verpflichtungen zu erf\u00fcllen.<\/em><\/p>\n\n<p>Wir k\u00f6nnen Cookies und \u00e4hnliche Tracking-Technologien (wie Web-Beacons und Pixel) verwenden, um Informationen abzurufen oder zu speichern. Spezifische Informationen dar\u00fcber, wie wir solche Technologien verwenden und wie Sie bestimmte Cookies ablehnen k\u00f6nnen, finden Sie in unserer Cookie-Richtlinie.<\/p>\n\n<p><\/p>\n\n<h2 class=\"wp-block-heading\">5. WIE LANGE SPEICHERN WIR IHRE DATEN?<\/h2>\n\n<p><em><strong>Kurz gesagt:<\/strong>\u00a0Wir bewahren Ihre Daten so lange auf, wie es f\u00fcr die Erf\u00fcllung der in dieser Datenschutzerkl\u00e4rung genannten Zwecke erforderlich ist, es sei denn, dies ist gesetzlich vorgeschrieben.<\/em><\/p>\n\n<p>Wir werden Ihre personenbezogenen Daten nur so lange aufbewahren, wie es f\u00fcr die in dieser Datenschutzrichtlinie genannten Zwecke erforderlich ist, es sei denn, eine l\u00e4ngere Aufbewahrungsfrist ist gesetzlich vorgeschrieben oder zul\u00e4ssig (z. B. aufgrund von steuerlichen, buchhalterischen oder anderen rechtlichen Anforderungen). Kein Zweck dieser Richtlinie erfordert, dass wir Ihre pers\u00f6nlichen Daten l\u00e4nger als 2 Jahre aufbewahren.<\/p>\n\n<p>Wenn wir keine weitere legitime gesch\u00e4ftliche Notwendigkeit haben, Ihre pers\u00f6nlichen Daten zu verarbeiten, werden wir sie entweder l\u00f6schen oder anonymisieren, oder, falls dies nicht m\u00f6glich ist (z.B. weil Ihre pers\u00f6nlichen Daten in Backup-Archiven gespeichert wurden), werden wir Ihre pers\u00f6nlichen Daten sicher aufbewahren und von jeder weiteren Verarbeitung isolieren, bis die L\u00f6schung m\u00f6glich ist.<\/p>\n\n<p><\/p>\n\n<h2 class=\"wp-block-heading\">6. WIE SCH\u00dcTZEN WIR IHRE DATEN?<\/h2>\n\n<p><em><strong>Kurz gesagt:<\/strong>\u00a0Wir sind bestrebt, Ihre pers\u00f6nlichen Daten durch ein System von organisatorischen und technischen Sicherheitsma\u00dfnahmen zu sch\u00fctzen.\u00a0<\/em><\/p>\n\n<p>Wir haben angemessene technische und organisatorische Sicherheitsma\u00dfnahmen getroffen, um die Sicherheit der von uns verarbeiteten personenbezogenen Daten zu sch\u00fctzen. Bitte bedenken Sie aber auch, dass wir nicht garantieren k\u00f6nnen, dass das Internet selbst 100% sicher ist. Obwohl wir unser Bestes tun, um Ihre pers\u00f6nlichen Daten zu sch\u00fctzen, erfolgt die \u00dcbermittlung von pers\u00f6nlichen Daten an und von unseren Websites auf Ihr eigenes Risiko. Sie sollten nur innerhalb einer sicheren Umgebung auf die Dienste zugreifen.<\/p>\n\n<p><\/p>\n\n<h2 class=\"wp-block-heading\">7. SAMMELN WIR DATEN VON MINDERJ\u00c4HRIGEN?<\/h2>\n\n<p><em><strong>Kurz gesagt:<\/strong>\u00a0Wir sammeln nicht wissentlich Daten von Kindern unter 18 Jahren und vermarkten diese auch nicht.<\/em><\/p>\n\n<p>Wir bitten nicht wissentlich um Daten von Kindern unter 18 Jahren und vermarkten diese auch nicht an sie. Durch die Nutzung der Seiten versichern Sie, dass Sie mindestens 18 Jahre alt sind oder dass Sie der Erziehungsberechtigte eines solchen Minderj\u00e4hrigen sind und der Nutzung der Seiten durch diesen Minderj\u00e4hrigen zustimmen. Wenn wir erfahren, dass pers\u00f6nliche Daten von Nutzern unter 18 Jahren gesammelt wurden, werden wir das Konto deaktivieren und angemessene Ma\u00dfnahmen ergreifen, um diese Daten umgehend aus unseren Aufzeichnungen zu l\u00f6schen. Wenn Sie Kenntnis von Daten haben, die wir von Kindern unter 18 Jahren gesammelt haben, kontaktieren Sie uns bitte unter sales@gatemasterlocks.com.<\/p>\n\n<p><\/p>\n\n<h2 class=\"wp-block-heading\">8. WELCHE RECHTE HABEN SIE IN BEZUG AUF IHRE PRIVATSPH\u00c4RE?<\/h2>\n\n<p><em><strong>Kurz gesagt:<\/strong>\u00a0In einigen Regionen, wie z.B. dem Europ\u00e4ischen Wirtschaftsraum, haben Sie Rechte, die Ihnen mehr Zugang zu und Kontrolle \u00fcber Ihre pers\u00f6nlichen Daten erm\u00f6glichen. Sie k\u00f6nnen Ihr Konto jederzeit \u00fcberpr\u00fcfen, \u00e4ndern oder k\u00fcndigen.<\/em><\/p>\n\n<p>In einigen Regionen (wie dem Europ\u00e4ischen Wirtschaftsraum) haben Sie nach den geltenden Datenschutzgesetzen bestimmte Rechte. Dazu geh\u00f6ren das Recht (i) auf Zugang und eine Kopie Ihrer pers\u00f6nlichen Daten, (ii) auf Berichtigung oder L\u00f6schung, (iii) auf Einschr\u00e4nkung der Verarbeitung Ihrer pers\u00f6nlichen Daten und (iv) gegebenenfalls auf Daten\u00fcbertragbarkeit. Unter bestimmten Umst\u00e4nden haben Sie auch das Recht, der Verarbeitung Ihrer pers\u00f6nlichen Daten zu widersprechen. Um eine solche Anfrage zu stellen, verwenden Sie bitte\u00a0<a href=\"https:\/\/www.gatemasterlocks.com\/de\/kontaktieren-sie-uns\/\">das unten stehende Kontaktformular<\/a>\u00a0. Wir werden jede Anfrage in \u00dcbereinstimmung mit den geltenden Datenschutzgesetzen pr\u00fcfen und entsprechend handeln.<\/p>\n\n<p>Wenn wir uns auf Ihre Zustimmung zur Verarbeitung Ihrer pers\u00f6nlichen Daten verlassen, haben Sie das Recht, Ihre Zustimmung jederzeit zu widerrufen. Bitte beachten Sie jedoch, dass dies keinen Einfluss auf die Rechtm\u00e4\u00dfigkeit der Verarbeitung vor dem Widerruf hat.<\/p>\n\n<p>Wenn Sie Ihren Wohnsitz im Europ\u00e4ischen Wirtschaftsraum haben und der Meinung sind, dass wir Ihre personenbezogenen Daten unrechtm\u00e4\u00dfig verarbeiten, haben Sie au\u00dferdem das Recht, sich bei Ihrer \u00f6rtlichen Datenschutzaufsichtsbeh\u00f6rde zu beschweren. Ihre Kontaktdaten finden Sie hier:\u00a0<a href=\"http:\/\/ec.europa.eu\/justice\/data-protection\/bodies\/authorities\/index_en.htm\" target=\"_blank\" rel=\"noopener\">http:\/\/ec.europa.eu\/justice\/data-protection\/bodies\/authorities\/index_en.htm<\/a><\/p>\n\n<p><strong>Cookies und \u00e4hnliche Technologien:<\/strong>\u00a0Die meisten Webbrowser sind so eingestellt, dass sie Cookies standardm\u00e4\u00dfig akzeptieren. Wenn Sie es vorziehen, k\u00f6nnen Sie Ihren Browser in der Regel so einstellen, dass er Cookies entfernt oder ablehnt. Wenn Sie sich entscheiden, Cookies zu entfernen oder abzulehnen, kann dies bestimmte Funktionen oder Dienste unserer Websites beeintr\u00e4chtigen. Um interessenbezogene Werbung durch Werbetreibende auf unseren Websites abzulehnen, besuchen Sie<\/p>\n\n<p><\/p>\n\n<h2 class=\"wp-block-heading\">9. STEUERELEMENTE F\u00dcR NICHT-VERFOLGEN-FUNKTIONEN<\/h2>\n\n<p>Die meisten Webbrowser und einige mobile Betriebssysteme und Anwendungen enthalten eine Do-Not-Track (\u00e2\u20ac\u017eDNT\u00e2\u20ac\u0153)-Funktion oder -Einstellung, die Sie aktivieren k\u00f6nnen, um zu signalisieren, dass Sie nicht m\u00f6chten, dass Daten \u00fcber Ihre Online-Browsing-Aktivit\u00e4ten \u00fcberwacht und gesammelt werden. Es gibt noch keinen einheitlichen Technologiestandard f\u00fcr die Erkennung und Umsetzung von DNT-Signalen. Aus diesem Grund reagieren wir derzeit nicht auf DNT-Browsersignale oder andere Mechanismen, die automatisch mitteilen, dass Sie nicht online verfolgt werden m\u00f6chten. Sollte ein Standard f\u00fcr Online-Tracking verabschiedet werden, den wir in Zukunft befolgen m\u00fcssen, werden wir Sie in einer \u00fcberarbeiteten Version dieser Datenschutzrichtlinie \u00fcber diese Praxis informieren.<\/p>\n\n<p><\/p>\n\n<h2 class=\"wp-block-heading\">10. HABEN IN KALIFORNIEN ANS\u00c4SSIGE PERSONEN BESONDERE DATENSCHUTZRECHTE?<\/h2>\n\n<p><em><strong>Kurz gesagt:<\/strong>\u00a0Ja, wenn Sie in Kalifornien ans\u00e4ssig sind, haben Sie bestimmte Rechte in Bezug auf den Zugang zu Ihren pers\u00f6nlichen Daten.<\/em><\/p>\n\n<p>Der Abschnitt 1798.83 des kalifornischen B\u00fcrgerlichen Gesetzbuches, auch bekannt als &#8220;Shine The Light&#8221;-Gesetz, erlaubt es unseren Nutzern, die in Kalifornien ans\u00e4ssig sind, einmal im Jahr kostenlos Informationen \u00fcber die Kategorien personenbezogener Daten (falls vorhanden), die wir zu Direktmarketingzwecken an Dritte weitergegeben haben, sowie die Namen und Adressen aller Dritten, mit denen wir im unmittelbar vorangegangenen Kalenderjahr personenbezogene Daten ausgetauscht haben, anzufordern und von uns zu erhalten. Wenn Sie in Kalifornien ans\u00e4ssig sind und einen solchen Antrag stellen m\u00f6chten, reichen Sie ihn bitte schriftlich bei uns ein, indem Sie die unten angegebenen Kontaktinformationen verwenden.<\/p>\n\n<p>Wenn Sie unter 18 Jahre alt sind, Ihren Wohnsitz in Kalifornien haben und \u00fcber ein registriertes Konto auf den Seiten verf\u00fcgen, haben Sie das Recht, die Entfernung unerw\u00fcnschter Daten zu verlangen, die Sie \u00f6ffentlich auf den Seiten einstellen. Um die L\u00f6schung dieser Daten zu beantragen, kontaktieren Sie uns bitte \u00fcber die unten angegebenen Kontaktdaten und geben Sie die zu Ihrem Konto geh\u00f6rende E-Mail-Adresse sowie eine Erkl\u00e4rung an, dass Sie in Kalifornien wohnen. Wir werden daf\u00fcr sorgen, dass die Daten nicht \u00f6ffentlich auf den Websites angezeigt werden, aber bitte beachten Sie, dass die Daten m\u00f6glicherweise nicht vollst\u00e4ndig oder umfassend aus unseren Systemen entfernt werden.<\/p>\n\n<p><\/p>\n\n<h2 class=\"wp-block-heading\">11. AKTUALISIEREN WIR DIESE RICHTLINIE?<\/h2>\n\n<p><em><strong>Kurz gesagt:<\/strong>\u00a0Ja, wir werden diese Richtlinie bei Bedarf aktualisieren, um mit den einschl\u00e4gigen Gesetzen konform zu bleiben.<\/em><\/p>\n\n<p>Wir k\u00f6nnen diese Datenschutzrichtlinie von Zeit zu Zeit aktualisieren. Die aktualisierte Version wird durch ein aktualisiertes \u00dcberpr\u00fcfungsdatum gekennzeichnet und die aktualisierte Version wird wirksam, sobald sie zug\u00e4nglich ist. Wenn wir wesentliche \u00c4nderungen an dieser Datenschutzrichtlinie vornehmen, k\u00f6nnen wir Sie entweder durch einen deutlich sichtbaren Hinweis auf diese \u00c4nderungen oder durch direkte Zusendung einer Benachrichtigung informieren. Wir empfehlen Ihnen, diese Datenschutzrichtlinie regelm\u00e4\u00dfig zu lesen, um sich dar\u00fcber zu informieren, wie wir Ihre Daten sch\u00fctzen.<\/p>\n\n<p><\/p>\n\n<h2 class=\"wp-block-heading\">12. WIE K\u00d6NNEN SIE UNS BEZ\u00dcGLICH DIESER RICHTLINIE KONTAKTIEREN?<\/h2>\n\n<p>Wenn Sie Fragen oder Anmerkungen zu dieser Richtlinie haben, k\u00f6nnen Sie uns eine E-Mail an sales@gatemasterlocks.com oder per Post an:<\/p>\n\n<p>Gatemaster Ltd<br\/>Unit 5 Dickinson Place<br\/>Bognor Regis, West Sussex PO22 9QU Gro\u00dfbritannien<\/p>\n\n<p><\/p>\n\n<h2 class=\"wp-block-heading\">WIE K\u00d6NNEN SIE DIE DATEN, DIE WIR VON IHNEN SAMMELN, \u00dcBERPR\u00dcFEN, AKTUALISIEREN ODER L\u00d6SCHEN?<\/h2>\n\n<p>Je nach den in Ihrem Land geltenden Gesetzen haben Sie unter Umst\u00e4nden das Recht, Zugang zu den von uns gesammelten personenbezogenen Daten zu verlangen, diese Daten zu \u00e4ndern oder zu l\u00f6schen. Wenn Sie Ihre pers\u00f6nlichen Daten \u00fcberpr\u00fcfen, aktualisieren oder l\u00f6schen m\u00f6chten, senden Sie bitte ein Anfrageformular, indem Sie hier klicken\u00a0<a href=\"https:\/\/app.termly.io\/notify\/e9e83d99-5238-4c57-b385-cd46366b6a6d\" target=\"_blank\" rel=\"noopener\">. Wir werden Ihre<\/a>\u00a0Anfrage innerhalb von 30 Tagen beantworten.<\/p>\n","protected":false},"excerpt":{"rendered":"<p>Zuletzt aktualisiert am 28. Juli 2020Vielen Dank, dass Sie sich entschieden haben, Teil unserer Gemeinschaft bei Gatemaster Ltd (&#8220;Unternehmen&#8221;, &#8220;wir&#8221;, &#8220;uns&#8221; oder &#8220;unser&#8221;) zu werden. Wir verpflichten uns, Ihre pers\u00f6nlichen Daten und Ihr Recht auf Privatsph\u00e4re zu sch\u00fctzen. Wenn Sie Fragen oder Bedenken bez\u00fcglich unserer Richtlinien oder unserer Praktiken in Bezug auf Ihre pers\u00f6nlichen Daten [&hellip;]<\/p>\n","protected":false},"author":12,"featured_media":0,"parent":0,"menu_order":0,"comment_status":"closed","ping_status":"closed","template":"","meta":{"_acf_changed":false,"footnotes":""},"class_list":["post-6467","page","type-page","status-publish","hentry"],"acf":[],"_links":{"self":[{"href":"https:\/\/www.gatemasterlocks.com\/de\/wp-json\/wp\/v2\/pages\/6467","targetHints":{"allow":["GET"]}}],"collection":[{"href":"https:\/\/www.gatemasterlocks.com\/de\/wp-json\/wp\/v2\/pages"}],"about":[{"href":"https:\/\/www.gatemasterlocks.com\/de\/wp-json\/wp\/v2\/types\/page"}],"author":[{"embeddable":true,"href":"https:\/\/www.gatemasterlocks.com\/de\/wp-json\/wp\/v2\/users\/12"}],"replies":[{"embeddable":true,"href":"https:\/\/www.gatemasterlocks.com\/de\/wp-json\/wp\/v2\/comments?post=6467"}],"version-history":[{"count":0,"href":"https:\/\/www.gatemasterlocks.com\/de\/wp-json\/wp\/v2\/pages\/6467\/revisions"}],"wp:attachment":[{"href":"https:\/\/www.gatemasterlocks.com\/de\/wp-json\/wp\/v2\/media?parent=6467"}],"curies":[{"name":"wp","href":"https:\/\/api.w.org\/{rel}","templated":true}]}}