{"id":4802,"date":"2021-08-18T15:52:01","date_gmt":"2021-08-18T14:52:01","guid":{"rendered":"https:\/\/gatemasterlock.wpenginepowered.com\/product\/superlock-sicherheitsaufsatz-bei-schnellausgang\/"},"modified":"2022-09-28T12:27:27","modified_gmt":"2022-09-28T11:27:27","slug":"superlock-sicherheitsaufsatz-bei-schnellausgang","status":"publish","type":"product","link":"https:\/\/www.gatemasterlocks.com\/de\/produkte\/superlock-sicherheitsaufsatz-bei-schnellausgang\/","title":{"rendered":"Superlock Sicherheitsaufbau bei Fluchttoren"},"content":{"rendered":"","protected":false},"excerpt":{"rendered":"<p>In Verbindung mit den Superlock-Schnellverschl\u00fcssen verhindert diese Abdeckung, dass Eindringlinge das Schloss von au\u00dfen bedienen k\u00f6nnen.<\/p>\n","protected":false},"featured_media":12929,"template":"","product_category":[94,109,141,91],"class_list":["post-4802","product","type-product","status-publish","has-post-thumbnail","hentry","product_category-bolt-on-de","product_category-safety-and-security-products-de","product_category-superlock-de","product_category-gate-locks-de"],"acf":[],"_links":{"self":[{"href":"https:\/\/www.gatemasterlocks.com\/de\/wp-json\/wp\/v2\/product\/4802","targetHints":{"allow":["GET"]}}],"collection":[{"href":"https:\/\/www.gatemasterlocks.com\/de\/wp-json\/wp\/v2\/product"}],"about":[{"href":"https:\/\/www.gatemasterlocks.com\/de\/wp-json\/wp\/v2\/types\/product"}],"version-history":[{"count":0,"href":"https:\/\/www.gatemasterlocks.com\/de\/wp-json\/wp\/v2\/product\/4802\/revisions"}],"wp:featuredmedia":[{"embeddable":true,"href":"https:\/\/www.gatemasterlocks.com\/de\/wp-json\/wp\/v2\/media\/12929"}],"wp:attachment":[{"href":"https:\/\/www.gatemasterlocks.com\/de\/wp-json\/wp\/v2\/media?parent=4802"}],"wp:term":[{"taxonomy":"product_category","embeddable":true,"href":"https:\/\/www.gatemasterlocks.com\/de\/wp-json\/wp\/v2\/product_category?post=4802"}],"curies":[{"name":"wp","href":"https:\/\/api.w.org\/{rel}","templated":true}]}}