{"id":4939,"date":"2021-08-18T15:52:01","date_gmt":"2021-08-18T14:52:01","guid":{"rendered":"https:\/\/gatemasterlock.wpenginepowered.com\/product\/anschweissbarer-stahlschlosskasten-fuer-digitale-schloesser-von-gatemaster\/"},"modified":"2021-09-27T11:35:48","modified_gmt":"2021-09-27T10:35:48","slug":"anschweissbarer-stahlschlosskasten-fuer-digitale-schloesser-von-gatemaster","status":"publish","type":"product","link":"https:\/\/www.gatemasterlocks.com\/de\/produkte\/anschweissbarer-stahlschlosskasten-fuer-digitale-schloesser-von-gatemaster\/","title":{"rendered":"Anschwei\u00dfbarer Stahlschlosskasten f\u00fcr digitale Schl\u00f6sser von Gatemaster"},"content":{"rendered":"","protected":false},"excerpt":{"rendered":"","protected":false},"featured_media":23132,"template":"","product_category":[115,103,91],"class_list":["post-4939","product","type-product","status-publish","has-post-thumbnail","hentry","product_category-digital-locks-de","product_category-weld-in-de","product_category-gate-locks-de"],"acf":[],"_links":{"self":[{"href":"https:\/\/www.gatemasterlocks.com\/de\/wp-json\/wp\/v2\/product\/4939","targetHints":{"allow":["GET"]}}],"collection":[{"href":"https:\/\/www.gatemasterlocks.com\/de\/wp-json\/wp\/v2\/product"}],"about":[{"href":"https:\/\/www.gatemasterlocks.com\/de\/wp-json\/wp\/v2\/types\/product"}],"version-history":[{"count":0,"href":"https:\/\/www.gatemasterlocks.com\/de\/wp-json\/wp\/v2\/product\/4939\/revisions"}],"wp:featuredmedia":[{"embeddable":true,"href":"https:\/\/www.gatemasterlocks.com\/de\/wp-json\/wp\/v2\/media\/23132"}],"wp:attachment":[{"href":"https:\/\/www.gatemasterlocks.com\/de\/wp-json\/wp\/v2\/media?parent=4939"}],"wp:term":[{"taxonomy":"product_category","embeddable":true,"href":"https:\/\/www.gatemasterlocks.com\/de\/wp-json\/wp\/v2\/product_category?post=4939"}],"curies":[{"name":"wp","href":"https:\/\/api.w.org\/{rel}","templated":true}]}}