{"id":4952,"date":"2021-08-18T15:52:01","date_gmt":"2021-08-18T14:52:01","guid":{"rendered":"https:\/\/gatemasterlock.wpenginepowered.com\/product\/tordaempferkit\/"},"modified":"2022-09-28T12:27:25","modified_gmt":"2022-09-28T11:27:25","slug":"tordaempferkit","status":"publish","type":"product","link":"https:\/\/www.gatemasterlocks.com\/de\/produkte\/tordaempferkit\/","title":{"rendered":"Tord\u00e4mpferkit"},"content":{"rendered":"","protected":false},"excerpt":{"rendered":"<p>Ders Torschalld\u00e4mpfer-Kit reduziert die Ger\u00e4usche beim Schlie\u00dfen eines Tors und ist daher ideal f\u00fcr den Einsatz in Gemeinschaftsbereichen<\/p>\n","protected":false},"featured_media":2741,"template":"","product_category":[112,85],"class_list":["post-4952","product","type-product","status-publish","has-post-thumbnail","hentry","product_category-buffers-bump-stops-de-2","product_category-gate-hardware-de-2"],"acf":[],"_links":{"self":[{"href":"https:\/\/www.gatemasterlocks.com\/de\/wp-json\/wp\/v2\/product\/4952","targetHints":{"allow":["GET"]}}],"collection":[{"href":"https:\/\/www.gatemasterlocks.com\/de\/wp-json\/wp\/v2\/product"}],"about":[{"href":"https:\/\/www.gatemasterlocks.com\/de\/wp-json\/wp\/v2\/types\/product"}],"version-history":[{"count":0,"href":"https:\/\/www.gatemasterlocks.com\/de\/wp-json\/wp\/v2\/product\/4952\/revisions"}],"wp:featuredmedia":[{"embeddable":true,"href":"https:\/\/www.gatemasterlocks.com\/de\/wp-json\/wp\/v2\/media\/2741"}],"wp:attachment":[{"href":"https:\/\/www.gatemasterlocks.com\/de\/wp-json\/wp\/v2\/media?parent=4952"}],"wp:term":[{"taxonomy":"product_category","embeddable":true,"href":"https:\/\/www.gatemasterlocks.com\/de\/wp-json\/wp\/v2\/product_category?post=4952"}],"curies":[{"name":"wp","href":"https:\/\/api.w.org\/{rel}","templated":true}]}}