{"id":5037,"date":"2021-08-18T15:53:04","date_gmt":"2021-08-18T14:53:04","guid":{"rendered":"https:\/\/gatemasterlock.wpenginepowered.com\/product\/hydraulischer-torschliesser\/"},"modified":"2022-09-28T12:26:52","modified_gmt":"2022-09-28T11:26:52","slug":"hydraulischer-torschliesser","status":"publish","type":"product","link":"https:\/\/www.gatemasterlocks.com\/de\/produkte\/hydraulischer-torschliesser\/","title":{"rendered":"Hydraulischer Torschlie\u00dfer"},"content":{"rendered":"","protected":false},"excerpt":{"rendered":"<p>Ein robuster und leicht zu montierender Torschlie\u00dfer, perfekt f\u00fcr den Einsatz auf Spielpl\u00e4tzen und in Schulen.<\/p>\n","protected":false},"featured_media":2869,"template":"","product_category":[82],"class_list":["post-5037","product","type-product","status-publish","has-post-thumbnail","hentry","product_category-gate-closers-de"],"acf":[],"_links":{"self":[{"href":"https:\/\/www.gatemasterlocks.com\/de\/wp-json\/wp\/v2\/product\/5037","targetHints":{"allow":["GET"]}}],"collection":[{"href":"https:\/\/www.gatemasterlocks.com\/de\/wp-json\/wp\/v2\/product"}],"about":[{"href":"https:\/\/www.gatemasterlocks.com\/de\/wp-json\/wp\/v2\/types\/product"}],"version-history":[{"count":0,"href":"https:\/\/www.gatemasterlocks.com\/de\/wp-json\/wp\/v2\/product\/5037\/revisions"}],"wp:featuredmedia":[{"embeddable":true,"href":"https:\/\/www.gatemasterlocks.com\/de\/wp-json\/wp\/v2\/media\/2869"}],"wp:attachment":[{"href":"https:\/\/www.gatemasterlocks.com\/de\/wp-json\/wp\/v2\/media?parent=5037"}],"wp:term":[{"taxonomy":"product_category","embeddable":true,"href":"https:\/\/www.gatemasterlocks.com\/de\/wp-json\/wp\/v2\/product_category?post=5037"}],"curies":[{"name":"wp","href":"https:\/\/api.w.org\/{rel}","templated":true}]}}