{"id":5083,"date":"2021-08-18T15:53:04","date_gmt":"2021-08-18T14:53:04","guid":{"rendered":"https:\/\/gatemasterlock.wpenginepowered.com\/product\/einschweissschloss-mit-fallenriegel\/"},"modified":"2022-09-28T12:26:48","modified_gmt":"2022-09-28T11:26:48","slug":"einschweissschloss-mit-fallenriegel","status":"publish","type":"product","link":"https:\/\/www.gatemasterlocks.com\/de\/produkte\/einschweissschloss-mit-fallenriegel\/","title":{"rendered":"Einschwei\u00dfschloss mit Fallenriegel"},"content":{"rendered":"","protected":false},"excerpt":{"rendered":"<p>DasEinschwei\u00dfschloss mit Fallenriegel hat eine griffbet\u00e4tigte Falle und einen schl\u00fcsselbet\u00e4tigten Riegel f\u00fcr Sicherheit<\/p>\n","protected":false},"featured_media":2917,"template":"","product_category":[91,103],"class_list":["post-5083","product","type-product","status-publish","has-post-thumbnail","hentry","product_category-gate-locks-de","product_category-weld-in-de"],"acf":[],"_links":{"self":[{"href":"https:\/\/www.gatemasterlocks.com\/de\/wp-json\/wp\/v2\/product\/5083","targetHints":{"allow":["GET"]}}],"collection":[{"href":"https:\/\/www.gatemasterlocks.com\/de\/wp-json\/wp\/v2\/product"}],"about":[{"href":"https:\/\/www.gatemasterlocks.com\/de\/wp-json\/wp\/v2\/types\/product"}],"version-history":[{"count":0,"href":"https:\/\/www.gatemasterlocks.com\/de\/wp-json\/wp\/v2\/product\/5083\/revisions"}],"wp:featuredmedia":[{"embeddable":true,"href":"https:\/\/www.gatemasterlocks.com\/de\/wp-json\/wp\/v2\/media\/2917"}],"wp:attachment":[{"href":"https:\/\/www.gatemasterlocks.com\/de\/wp-json\/wp\/v2\/media?parent=5083"}],"wp:term":[{"taxonomy":"product_category","embeddable":true,"href":"https:\/\/www.gatemasterlocks.com\/de\/wp-json\/wp\/v2\/product_category?post=5083"}],"curies":[{"name":"wp","href":"https:\/\/api.w.org\/{rel}","templated":true}]}}