{"id":5159,"date":"2021-08-18T15:53:04","date_gmt":"2021-08-18T14:53:04","guid":{"rendered":"https:\/\/gatemasterlock.wpenginepowered.com\/product\/anschraubbarer-schnellausgang-mit-schluesselzugang\/"},"modified":"2022-09-28T12:27:09","modified_gmt":"2022-09-28T11:27:09","slug":"anschraubbarer-schnellausgang-mit-schluesselzugang","status":"publish","type":"product","link":"https:\/\/www.gatemasterlocks.com\/de\/produkte\/anschraubbarer-schnellausgang-mit-schluesselzugang\/","title":{"rendered":"Anschraubbarer Schnellausgang mit Schl\u00fcsselzugang"},"content":{"rendered":"","protected":false},"excerpt":{"rendered":"<p>Dieses Fluchttor erm\u00f6glicht schnelle Ausg\u00e4nge durch Tore, mit einer Drucktaste von innen und einem Schl\u00fcssel von au\u00dfen<\/p>\n","protected":false},"featured_media":23089,"template":"","product_category":[94,91],"class_list":["post-5159","product","type-product","status-publish","has-post-thumbnail","hentry","product_category-bolt-on-de","product_category-gate-locks-de"],"acf":[],"_links":{"self":[{"href":"https:\/\/www.gatemasterlocks.com\/de\/wp-json\/wp\/v2\/product\/5159","targetHints":{"allow":["GET"]}}],"collection":[{"href":"https:\/\/www.gatemasterlocks.com\/de\/wp-json\/wp\/v2\/product"}],"about":[{"href":"https:\/\/www.gatemasterlocks.com\/de\/wp-json\/wp\/v2\/types\/product"}],"version-history":[{"count":0,"href":"https:\/\/www.gatemasterlocks.com\/de\/wp-json\/wp\/v2\/product\/5159\/revisions"}],"wp:featuredmedia":[{"embeddable":true,"href":"https:\/\/www.gatemasterlocks.com\/de\/wp-json\/wp\/v2\/media\/23089"}],"wp:attachment":[{"href":"https:\/\/www.gatemasterlocks.com\/de\/wp-json\/wp\/v2\/media?parent=5159"}],"wp:term":[{"taxonomy":"product_category","embeddable":true,"href":"https:\/\/www.gatemasterlocks.com\/de\/wp-json\/wp\/v2\/product_category?post=5159"}],"curies":[{"name":"wp","href":"https:\/\/api.w.org\/{rel}","templated":true}]}}