{"id":5448,"date":"2021-08-18T15:54:29","date_gmt":"2021-08-18T14:54:29","guid":{"rendered":"https:\/\/gatemasterlock.wpenginepowered.com\/product\/einschweissschloss-mit-riegel\/"},"modified":"2022-09-28T12:27:26","modified_gmt":"2022-09-28T11:27:26","slug":"einschweissschloss-mit-riegel","status":"publish","type":"product","link":"https:\/\/www.gatemasterlocks.com\/de\/produkte\/einschweissschloss-mit-riegel\/","title":{"rendered":"Einschwei\u00dfschloss mit Selbstverriegelung"},"content":{"rendered":"","protected":false},"excerpt":{"rendered":"<p>Solides und zuverl\u00e4ssiges Schloss mit einer Selbstverriegelung mit einem Schl\u00fcssel, die sich mit einer Schl\u00fcsseldrehung um 30 mm bewegt<\/p>\n","protected":false},"featured_media":3265,"template":"","product_category":[103,91],"class_list":["post-5448","product","type-product","status-publish","has-post-thumbnail","hentry","product_category-weld-in-de","product_category-gate-locks-de"],"acf":[],"_links":{"self":[{"href":"https:\/\/www.gatemasterlocks.com\/de\/wp-json\/wp\/v2\/product\/5448","targetHints":{"allow":["GET"]}}],"collection":[{"href":"https:\/\/www.gatemasterlocks.com\/de\/wp-json\/wp\/v2\/product"}],"about":[{"href":"https:\/\/www.gatemasterlocks.com\/de\/wp-json\/wp\/v2\/types\/product"}],"version-history":[{"count":0,"href":"https:\/\/www.gatemasterlocks.com\/de\/wp-json\/wp\/v2\/product\/5448\/revisions"}],"wp:featuredmedia":[{"embeddable":true,"href":"https:\/\/www.gatemasterlocks.com\/de\/wp-json\/wp\/v2\/media\/3265"}],"wp:attachment":[{"href":"https:\/\/www.gatemasterlocks.com\/de\/wp-json\/wp\/v2\/media?parent=5448"}],"wp:term":[{"taxonomy":"product_category","embeddable":true,"href":"https:\/\/www.gatemasterlocks.com\/de\/wp-json\/wp\/v2\/product_category?post=5448"}],"curies":[{"name":"wp","href":"https:\/\/api.w.org\/{rel}","templated":true}]}}