{"id":6666,"date":"2021-08-18T15:19:21","date_gmt":"2021-08-18T14:19:21","guid":{"rendered":"https:\/\/gatemasterlock.wpenginepowered.com\/product\/superlock-digital-gate-lock\/"},"modified":"2022-06-07T09:28:08","modified_gmt":"2022-06-07T08:28:08","slug":"superlock-digital-gate-lock","status":"publish","type":"product","link":"https:\/\/www.gatemasterlocks.com\/en-au\/product\/superlock-digital-gate-lock\/","title":{"rendered":"Serrure de portail num\u00e9rique Superlock"},"content":{"rendered":"","protected":false},"excerpt":{"rendered":"<p>Cette serrure de portail num\u00e9rique est un choix populaire, avec un clavier m\u00e9canique sur les deux faces de la serrure<\/p>\n","protected":false},"featured_media":22145,"template":"","product_category":[130,132,128,140],"class_list":["post-6666","product","type-product","status-publish","has-post-thumbnail","hentry","product_category-bolt-on-en-au","product_category-digital-locks-en-au","product_category-gate-locks-en-au","product_category-superlock-en-au"],"acf":[],"_links":{"self":[{"href":"https:\/\/www.gatemasterlocks.com\/en-au\/wp-json\/wp\/v2\/product\/6666","targetHints":{"allow":["GET"]}}],"collection":[{"href":"https:\/\/www.gatemasterlocks.com\/en-au\/wp-json\/wp\/v2\/product"}],"about":[{"href":"https:\/\/www.gatemasterlocks.com\/en-au\/wp-json\/wp\/v2\/types\/product"}],"version-history":[{"count":0,"href":"https:\/\/www.gatemasterlocks.com\/en-au\/wp-json\/wp\/v2\/product\/6666\/revisions"}],"wp:featuredmedia":[{"embeddable":true,"href":"https:\/\/www.gatemasterlocks.com\/en-au\/wp-json\/wp\/v2\/media\/22145"}],"wp:attachment":[{"href":"https:\/\/www.gatemasterlocks.com\/en-au\/wp-json\/wp\/v2\/media?parent=6666"}],"wp:term":[{"taxonomy":"product_category","embeddable":true,"href":"https:\/\/www.gatemasterlocks.com\/en-au\/wp-json\/wp\/v2\/product_category?post=6666"}],"curies":[{"name":"wp","href":"https:\/\/api.w.org\/{rel}","templated":true}]}}