{"id":6674,"date":"2021-08-18T15:19:21","date_gmt":"2021-08-18T14:19:21","guid":{"rendered":"https:\/\/gatemasterlock.wpenginepowered.com\/product\/superlock-digital-gate-lock-single-sided\/"},"modified":"2022-06-07T09:28:51","modified_gmt":"2022-06-07T08:28:51","slug":"superlock-digital-gate-lock-single-sided","status":"publish","type":"product","link":"https:\/\/www.gatemasterlocks.com\/en-au\/product\/superlock-digital-gate-lock-single-sided\/","title":{"rendered":"Serrure Superlock de portail num\u00e9rique sur une seule face"},"content":{"rendered":"","protected":false},"excerpt":{"rendered":"<p>Cette serrure de portail num\u00e9rique permet une entr\u00e9e par code m\u00e9canique de l\u2019ext\u00e9rieur et une serrure \u00e0 b\u00e9quille sortie libre de l\u2019int\u00e9rieur<\/p>\n","protected":false},"featured_media":21525,"template":"","product_category":[130,132,128,140],"class_list":["post-6674","product","type-product","status-publish","has-post-thumbnail","hentry","product_category-bolt-on-en-au","product_category-digital-locks-en-au","product_category-gate-locks-en-au","product_category-superlock-en-au"],"acf":[],"_links":{"self":[{"href":"https:\/\/www.gatemasterlocks.com\/en-au\/wp-json\/wp\/v2\/product\/6674","targetHints":{"allow":["GET"]}}],"collection":[{"href":"https:\/\/www.gatemasterlocks.com\/en-au\/wp-json\/wp\/v2\/product"}],"about":[{"href":"https:\/\/www.gatemasterlocks.com\/en-au\/wp-json\/wp\/v2\/types\/product"}],"version-history":[{"count":0,"href":"https:\/\/www.gatemasterlocks.com\/en-au\/wp-json\/wp\/v2\/product\/6674\/revisions"}],"wp:featuredmedia":[{"embeddable":true,"href":"https:\/\/www.gatemasterlocks.com\/en-au\/wp-json\/wp\/v2\/media\/21525"}],"wp:attachment":[{"href":"https:\/\/www.gatemasterlocks.com\/en-au\/wp-json\/wp\/v2\/media?parent=6674"}],"wp:term":[{"taxonomy":"product_category","embeddable":true,"href":"https:\/\/www.gatemasterlocks.com\/en-au\/wp-json\/wp\/v2\/product_category?post=6674"}],"curies":[{"name":"wp","href":"https:\/\/api.w.org\/{rel}","templated":true}]}}