{"id":6707,"date":"2021-08-18T15:18:18","date_gmt":"2021-08-18T14:18:18","guid":{"rendered":"https:\/\/gatemasterlock.wpenginepowered.com\/product\/security-escutcheon-to-weld\/"},"modified":"2022-06-07T09:28:15","modified_gmt":"2022-06-07T08:28:15","slug":"security-escutcheon-to-weld","status":"publish","type":"product","link":"https:\/\/www.gatemasterlocks.com\/en-au\/product\/security-escutcheon-to-weld\/","title":{"rendered":"Rosettes de s\u00e9curit\u00e9 \u00e0 souder"},"content":{"rendered":"","protected":false},"excerpt":{"rendered":"<p>Les rosettes de l\u2019eurocylindre sont soud\u00e9es autour de l\u2019eurocylindre, le prot\u00e9geant ainsi contre tout acte de vandalisme<\/p>\n","protected":false},"featured_media":6708,"template":"","product_category":[117,123],"class_list":["post-6707","product","type-product","status-publish","has-post-thumbnail","hentry","product_category-gate-hardware-en-au","product_category-safety-and-security-products-en-au"],"acf":[],"_links":{"self":[{"href":"https:\/\/www.gatemasterlocks.com\/en-au\/wp-json\/wp\/v2\/product\/6707","targetHints":{"allow":["GET"]}}],"collection":[{"href":"https:\/\/www.gatemasterlocks.com\/en-au\/wp-json\/wp\/v2\/product"}],"about":[{"href":"https:\/\/www.gatemasterlocks.com\/en-au\/wp-json\/wp\/v2\/types\/product"}],"version-history":[{"count":0,"href":"https:\/\/www.gatemasterlocks.com\/en-au\/wp-json\/wp\/v2\/product\/6707\/revisions"}],"wp:featuredmedia":[{"embeddable":true,"href":"https:\/\/www.gatemasterlocks.com\/en-au\/wp-json\/wp\/v2\/media\/6708"}],"wp:attachment":[{"href":"https:\/\/www.gatemasterlocks.com\/en-au\/wp-json\/wp\/v2\/media?parent=6707"}],"wp:term":[{"taxonomy":"product_category","embeddable":true,"href":"https:\/\/www.gatemasterlocks.com\/en-au\/wp-json\/wp\/v2\/product_category?post=6707"}],"curies":[{"name":"wp","href":"https:\/\/api.w.org\/{rel}","templated":true}]}}