{"id":6734,"date":"2021-08-18T15:18:18","date_gmt":"2021-08-18T14:18:18","guid":{"rendered":"https:\/\/gatemasterlock.wpenginepowered.com\/product\/double-throw-latch-deadlock\/"},"modified":"2022-06-07T09:29:08","modified_gmt":"2022-06-07T08:29:08","slug":"double-throw-latch-deadlock","status":"publish","type":"product","link":"https:\/\/www.gatemasterlocks.com\/en-au\/product\/double-throw-latch-deadlock\/","title":{"rendered":"Verrou \u00e0 p\u00eane dormant \u00e0 double-action"},"content":{"rendered":"","protected":false},"excerpt":{"rendered":"<p>Le verrou \u00e0 p\u00eane dormant soud\u00e9 \u00e0 double action est un loquet actionn\u00e9 par une poign\u00e9e qui offre la s\u00e9curit\u00e9 d\u2019un verrou dormant<\/p>\n","protected":false},"featured_media":6736,"template":"","product_category":[128,323,143],"class_list":["post-6734","product","type-product","status-publish","has-post-thumbnail","hentry","product_category-gate-locks-en-au","product_category-key-locks-for-gates-en-au","product_category-weld-in-en-au"],"acf":[],"_links":{"self":[{"href":"https:\/\/www.gatemasterlocks.com\/en-au\/wp-json\/wp\/v2\/product\/6734","targetHints":{"allow":["GET"]}}],"collection":[{"href":"https:\/\/www.gatemasterlocks.com\/en-au\/wp-json\/wp\/v2\/product"}],"about":[{"href":"https:\/\/www.gatemasterlocks.com\/en-au\/wp-json\/wp\/v2\/types\/product"}],"version-history":[{"count":0,"href":"https:\/\/www.gatemasterlocks.com\/en-au\/wp-json\/wp\/v2\/product\/6734\/revisions"}],"wp:featuredmedia":[{"embeddable":true,"href":"https:\/\/www.gatemasterlocks.com\/en-au\/wp-json\/wp\/v2\/media\/6736"}],"wp:attachment":[{"href":"https:\/\/www.gatemasterlocks.com\/en-au\/wp-json\/wp\/v2\/media?parent=6734"}],"wp:term":[{"taxonomy":"product_category","embeddable":true,"href":"https:\/\/www.gatemasterlocks.com\/en-au\/wp-json\/wp\/v2\/product_category?post=6734"}],"curies":[{"name":"wp","href":"https:\/\/api.w.org\/{rel}","templated":true}]}}