{"id":11810,"date":"2022-06-07T09:20:22","date_gmt":"2022-06-07T08:20:22","guid":{"rendered":"https:\/\/gatemasterlock.wpenginepowered.com\/serrure-a-encastrer-ml4\/"},"modified":"2022-06-14T12:13:05","modified_gmt":"2022-06-14T11:13:05","slug":"serrure-a-encastrer-ml4","status":"publish","type":"page","link":"https:\/\/www.gatemasterlocks.com\/fr\/serrure-a-encastrer-ml4\/","title":{"rendered":"SERRURE \u00c0 ENCASTRER ML4"},"content":{"rendered":"\n<p>La toute nouvelle serrure \u00e0 encastrer Gatemaster r\u00e9invente le concept de la serrure de portail \u00e0 encastrer avec une caract\u00e9ristique simple\u00a0: une serrure \u00e0 verrou \u00e0 simple action et \u00e0 crochet.<\/p>\n\n<h2 class=\"wp-block-heading\">Les avantages\u00a0? C&#8217;est simple\u00a0! Cette serrure est\u00a0:<\/h2>\n\n<div class=\"wp-block-columns is-layout-flex wp-container-core-columns-is-layout-9d6595d7 wp-block-columns-is-layout-flex\">\n<div class=\"wp-block-column is-layout-flow wp-block-column-is-layout-flow\">\n<ul class=\"wp-block-list\"><li><strong>Facile \u00e0 monter.<\/strong>\u00a0If suffit de percer un seul trou, ce qui vous fait gagner du temps et de l\u2019argent<\/li><li><strong>Pratique.<\/strong>\u00a0Le p\u00eane peut \u00eatre ouvert avec la poign\u00e9e et verrouill\u00e9 avec la cl\u00e9 pour une utilisation pratique au quotidien<\/li><li><strong>Fiable.<\/strong>\u00a0Test\u00e9e sur 1 000 000 d\u0090\u2019ouvertures, vous pouvez avoir une confiance absolue dans le produit.<\/li><li>\u2026\u00a0<strong><a href=\"https:\/\/www.gatemasterlocks.com\/mastering-the-mortice-lock\/\" target=\"_blank\" rel=\"noreferrer noopener\">Lire la suite\u00a0!<\/a><\/strong><\/li><\/ul>\n\n\n\r\n<a href=\"https:\/\/www.gatemasterlocks.com\/contact\/\" class=\"button\">\r\n    Acheter maintenant<\/a><\/div>\n\n\n\n<div class=\"wp-block-column is-layout-flow wp-block-column-is-layout-flow\">\n<figure class=\"wp-block-image\"><img decoding=\"async\" src=\"https:\/\/www.gatemasterlocks.com\/wp-content\/uploads\/2020\/11\/hero_shot_white.jpg\" alt=\"\" title=\"\"\/><\/figure>\n<\/div>\n<\/div>\n\n<h2 class=\"wp-block-heading\">TEST\u00c9E SUR 1\u00a0000\u00a0000 OUVERTURES\u00a0!<\/h2>\n\n<div class=\"wp-block-columns is-layout-flex wp-container-core-columns-is-layout-9d6595d7 wp-block-columns-is-layout-flex\">\n<div class=\"wp-block-column is-layout-flow wp-block-column-is-layout-flow\">\n <figure class=\"wp-block-embed is-type-video is-provider-youtube wp-block-embed-youtube wp-embed-aspect-16-9 wp-has-aspect-ratio\"><div class=\"wp-block-embed__wrapper\"> https:\/\/www.youtube.com\/watch?v=2SrH0NF4JDI&#038;ab_channel=GatemasterLocks <\/div><\/figure>\n\n\n\r\n<a href=\"https:\/\/www.gatemasterlocks.com\/wp-content\/uploads\/2020\/10\/ML4-specification-sheet.pdf\" class=\"button\">\r\n    T\u00c9L\u00c9CHARGER LA FICHE TECHNIQUE<\/a><\/div>\n\n\n\n<div class=\"wp-block-column is-layout-flow wp-block-column-is-layout-flow\">\n <figure class=\"wp-block-embed is-type-video is-provider-youtube wp-block-embed-youtube wp-embed-aspect-16-9 wp-has-aspect-ratio\"><div class=\"wp-block-embed__wrapper\"> https:\/\/www.youtube.com\/watch?v=-BoYqSo_87A&#038;ab_channel=GatemasterLocks <\/div><\/figure>\n\n\n\r\n<a href=\"https:\/\/www.gatemasterlocks.com\/mlhl-test-report-gm-h232-2020\/\" class=\"button\">\r\n    T\u00c9L\u00c9CHARGER LE RAPPORT D&#039;ESSAI<\/a>\n\n\n<div class=\"wp-block-columns is-layout-flex wp-container-core-columns-is-layout-9d6595d7 wp-block-columns-is-layout-flex\">\n<div class=\"wp-block-column is-layout-flow wp-block-column-is-layout-flow\"><\/div>\n<\/div>\n<\/div>\n<\/div>\n\n<div class=\"wp-block-columns is-layout-flex wp-container-core-columns-is-layout-9d6595d7 wp-block-columns-is-layout-flex\">\n<div class=\"wp-block-column is-layout-flow wp-block-column-is-layout-flow\" style=\"flex-basis:10%\"><\/div>\n\n\n\n<div class=\"wp-block-column is-layout-flow wp-block-column-is-layout-flow\" style=\"flex-basis:80%\">\n <figure class=\"wp-block-embed is-type-video is-provider-youtube wp-block-embed-youtube wp-embed-aspect-16-9 wp-has-aspect-ratio\"><div class=\"wp-block-embed__wrapper\"> https:\/\/www.youtube.com\/watch?v=P9xkSmsrwd8&#038;ab_channel=GatemasterLocks <\/div><\/figure>\n\n\n\n<p><\/p>\n<\/div>\n\n\n\n<div class=\"wp-block-column is-layout-flow wp-block-column-is-layout-flow\" style=\"flex-basis:10%\"><\/div>\n<\/div>\n\n<hr class=\"wp-block-separator\"\/>\n\n<div class=\"wp-block-columns is-layout-flex wp-container-core-columns-is-layout-9d6595d7 wp-block-columns-is-layout-flex\">\n<div class=\"wp-block-column is-layout-flow wp-block-column-is-layout-flow\">\n<figure class=\"wp-block-image size-large is-resized\"><a href=\"https:\/\/www.gatemasterlocks.com\/fr\/mortice-hook-lock-2\/\"><img loading=\"lazy\" decoding=\"async\" src=\"https:\/\/www.gatemasterlocks.com\/wp-content\/uploads\/2020\/10\/ML4-FC-P-in-gate-1.jpg\" alt=\"\" width=\"250\" height=\"203\"\/><\/a><figcaption>Illustration d&#8217;une serrure \u00e0 encastrer ML4 dans un portail<br\/><\/figcaption><\/figure>\n<\/div>\n\n\n\n<div class=\"wp-block-column is-layout-flow wp-block-column-is-layout-flow\">\n<div class=\"wp-block-image\"><figure class=\"aligncenter size-large is-resized\"><a href=\"https:\/\/www.gatemasterlocks.com\/fr\/mortice-hook-lock-2\/\"><img loading=\"lazy\" decoding=\"async\" src=\"https:\/\/www.gatemasterlocks.com\/wp-content\/uploads\/2020\/10\/ML4.jpg\" alt=\"\" width=\"93\" height=\"203\"\/><\/a><figcaption>Serrure ML4 uniquement<\/figcaption><\/figure><\/div>\n\n\n\n<p><\/p>\n<\/div>\n\n\n\n<div class=\"wp-block-column is-layout-flow wp-block-column-is-layout-flow\">\n<div class=\"wp-block-image\"><figure class=\"aligncenter size-large is-resized\"><a href=\"https:\/\/www.gatemasterlocks.com\/fr\/mortice-hook-lock-2\/\"><img loading=\"lazy\" decoding=\"async\" src=\"https:\/\/www.gatemasterlocks.com\/wp-content\/uploads\/2020\/10\/MLK.jpg\" alt=\"\" width=\"100\" height=\"203\"\/><\/a><figcaption>G\u00e2che MLK (incluse)<\/figcaption><\/figure><\/div>\n<\/div>\n<\/div>\n\n<hr class=\"wp-block-separator\"\/>\n\n<h2 class=\"has-text-align-center wp-block-heading\">CARACT\u00c9RISTIQUES DU PRODUIT<\/h2>\n\n<p><\/p>\n\n<div class=\"wp-block-columns is-layout-flex wp-container-core-columns-is-layout-9d6595d7 wp-block-columns-is-layout-flex\">\n<div class=\"wp-block-column is-layout-flow wp-block-column-is-layout-flow\">\n<figure class=\"wp-block-image size-large\"><img decoding=\"async\" src=\"https:\/\/www.gatemasterlocks.com\/wp-content\/uploads\/2020\/11\/keys_smaller.jpg\" alt=\"\"\/><\/figure>\n\n\n\n<h4 class=\"wp-block-heading\">Un fonctionnement simple<\/h4>\n\n\n\n<p>Le verrou peut \u00eatre actionn\u00e9 par une poign\u00e9e ou une cl\u00e9 puis verrouill\u00e9 pour plus de s\u00e9curit\u00e9<\/p>\n<\/div>\n\n\n\n<div class=\"wp-block-column is-layout-flow wp-block-column-is-layout-flow\">\n<figure class=\"wp-block-image size-large\"><img decoding=\"async\" src=\"https:\/\/www.gatemasterlocks.com\/wp-content\/uploads\/2020\/11\/easy_to_instal_smaller.jpg\" alt=\"\"\/><\/figure>\n\n\n\n<h4 class=\"wp-block-heading\">Facile \u00e0 installer<\/h4>\n\n\n\n<p>Pas besoin d\u2019introduire un filet dans le caisson<\/p>\n<\/div>\n\n\n\n<div class=\"wp-block-column is-layout-flow wp-block-column-is-layout-flow\">\n<figure class=\"wp-block-image size-large\"><img decoding=\"async\" src=\"https:\/\/www.gatemasterlocks.com\/wp-content\/uploads\/2020\/11\/quality_stamp_smaller.jpg\" alt=\"\"\/><\/figure>\n\n\n\n<h4 class=\"wp-block-heading\">Con\u00e7ue pour durer<\/h4>\n\n\n\n<p>Ing\u00e9nierie et fabrication britannique de haute qualit\u00e9<\/p>\n<\/div>\n<\/div>\n\n<div class=\"wp-block-columns is-layout-flex wp-container-core-columns-is-layout-9d6595d7 wp-block-columns-is-layout-flex\">\n<div class=\"wp-block-column is-layout-flow wp-block-column-is-layout-flow\">\n<figure class=\"wp-block-image size-large\"><img decoding=\"async\" src=\"https:\/\/www.gatemasterlocks.com\/wp-content\/uploads\/2020\/11\/hook_latch_smaller.jpg\" alt=\"\"\/><\/figure>\n\n\n\n<h4 class=\"wp-block-heading\">S\u00fbre<\/h4>\n\n\n\n<p>Le p\u00eane dormant accroch\u00e9 emp\u00eache le portail d&#8217;\u00eatre soulev\u00e9 du poteau<\/p>\n<\/div>\n\n\n\n<div class=\"wp-block-column is-layout-flow wp-block-column-is-layout-flow\">\n<figure class=\"wp-block-image size-large\"><img decoding=\"async\" src=\"https:\/\/www.gatemasterlocks.com\/wp-content\/uploads\/2020\/11\/day_latch_smaller.jpg\" alt=\"\"\/><\/figure>\n\n\n\n<h4 class=\"wp-block-heading\">Universelle<\/h4>\n\n\n\n<p>R\u00e9glable pour les portails s&#8217;ouvrant \u00e0 gauche ou \u00e0 droite<\/p>\n<\/div>\n\n\n\n<div class=\"wp-block-column is-layout-flow wp-block-column-is-layout-flow\">\n<figure class=\"wp-block-image size-large\"><img decoding=\"async\" src=\"https:\/\/www.gatemasterlocks.com\/wp-content\/uploads\/2020\/11\/all_stainless_steel_smaller.jpg\" alt=\"\"\/><\/figure>\n\n\n\n<h4 class=\"wp-block-heading\">\u00c0 l&#8217;\u00e9preuve de la rouille<\/h4>\n\n\n\n<p>Des composants en acier inoxydable et en laiton de haute qualit\u00e9<\/p>\n<\/div>\n<\/div>\n\n<hr class=\"wp-block-separator\"\/>\n\n<h2 class=\"has-text-align-center wp-block-heading\">OPTIONS DE CONFIGURATION<\/h2>\n\n<div class=\"wp-block-columns is-layout-flex wp-container-core-columns-is-layout-9d6595d7 wp-block-columns-is-layout-flex\">\n<div class=\"wp-block-column is-layout-flow wp-block-column-is-layout-flow\">\n<h3 class=\"wp-block-heading\">KIT DE SERRURE \u00c0 ENCASTRER, DOUBLE COUVERCLE<\/h3>\n\n\n\n<figure class=\"wp-block-image\"><a href=\"https:\/\/www.gatemasterlocks.com\/fr\/mortice-hook-lock-2\/\"><img decoding=\"async\" src=\"https:\/\/www.gatemasterlocks.com\/wp-content\/uploads\/2020\/11\/Marina-image-DC.jpg\" alt=\"\" title=\"\"\/><\/a><\/figure>\n\n\n\n<p><a href=\"https:\/\/www.gatemasterlocks.com\/fr\/mortice-hook-lock-2\/\" target=\"_blank\" rel=\"noreferrer noopener\"><\/a><\/p>\n\n\n\n<p>Le kit Mortice Pro doucle couverture est fourni avec des couvercles s\u00e9par\u00e9s en acier inoxydable pour l&#8217;eurocylindre et la poign\u00e9e, ce qui lui conf\u00e8re un aspect \u00e9l\u00e9gant, mais minimaliste (illustr\u00e9 avec des poign\u00e9es unies).<\/p>\n<\/div>\n\n\n\n<div class=\"wp-block-column is-layout-flow wp-block-column-is-layout-flow\">\n<h3 class=\"wp-block-heading\">KIT DE SERRURE \u00c0 ENCASTRER, COUVERTURE COMPL\u00c8TE<\/h3>\n\n\n\n<figure class=\"wp-block-image\"><a href=\"https:\/\/www.gatemasterlocks.com\/fr\/mortice-hook-lock-2\/\"><img decoding=\"async\" src=\"https:\/\/www.gatemasterlocks.com\/wp-content\/uploads\/2020\/11\/Domestic-image-FC-1.jpg\" alt=\"\" title=\"\"\/><\/a><\/figure>\n\n\n\n<p><a href=\"https:\/\/www.gatemasterlocks.com\/fr\/mortice-hook-lock-2\/\" target=\"_blank\" rel=\"noreferrer noopener\"><\/a><\/p>\n\n\n\n<p>Notre kit de couverture compl\u00e8te pour le Mortice Pro est compos\u00e9 d&#8217;un couvercle monobloc en acier inoxydable bross\u00e9, ce qui conf\u00e8re une finition propre et polie \u00e0 votre portail (illustr\u00e9 avec des poign\u00e9es ornementales).<\/p>\n<\/div>\n<\/div>\n\n<hr class=\"wp-block-separator\"\/>\n\n<h2 class=\"has-text-align-center wp-block-heading\">OPTIONS DE POIGN\u00c9E<\/h2>\n\n<div class=\"wp-block-columns is-layout-flex wp-container-core-columns-is-layout-9d6595d7 wp-block-columns-is-layout-flex\">\n<div class=\"wp-block-column is-layout-flow wp-block-column-is-layout-flow\">\n<h3 class=\"wp-block-heading\">POIGN\u00c9E P (PLEINE)<\/h3>\n\n\n\n<figure class=\"wp-block-image\"><img decoding=\"async\" src=\"https:\/\/www.gatemasterlocks.com\/wp-content\/uploads\/2020\/10\/P-Handle.png\" alt=\"\" title=\"\"\/><\/figure>\n\n\n\n<p>La poign\u00e9e contemporaine est une poign\u00e9e simple et intelligente qui s&#8217;adapte \u00e0 tous les styles de portails, qu&#8217;ils soient standards ou personnalis\u00e9s.<\/p>\n<\/div>\n\n\n\n<div class=\"wp-block-column is-layout-flow wp-block-column-is-layout-flow\">\n<h3 class=\"wp-block-heading\">POIGN\u00c9E O (ORNEMENTALE) <\/h3>\n\n\n\n<figure class=\"wp-block-image\"><img decoding=\"async\" src=\"https:\/\/www.gatemasterlocks.com\/wp-content\/uploads\/2020\/10\/O-handle.png\" alt=\"\" title=\"\"\/><\/figure>\n\n\n\n<p>La poign\u00e9e ornementale allie tradition et style. Elle convient parfaitement aux portails personnalis\u00e9s au design plus \u00e9labor\u00e9.<\/p>\n<\/div>\n<\/div>\n\r\n<div id=\"contactez-nous-pour-obtenir-plus-dinformations-ou-pour-trouver-votre-distributeur-local\" class=\"breaker background--blend full-bleed\">\r\n\t<div class=\"container flow\">\r\n\t\t<div class=\"breaker-layout breaker-layout--left \">\r\n\t\t\t<div class=\"breaker-content\">\r\n\t\t\t\t<div class=\"breaker-logo\">\r\n\t\t\t\t\t\r\n<svg class=\"logo\" version=\"1.1\" xmlns=\"http:\/\/www.w3.org\/2000\/svg\" viewBox=\"0 0 270 40\">\r\n    <path d=\"M5.9 20.04c0-7.58 6.16-13.74 13.74-13.74 4 0 7.79 1.74 10.4 4.76l4.2-3.62A19.278 19.278 0 0019.64.75C9.01.75.35 9.4.35 20.04c0 10.08 7.77 18.36 17.63 19.21v-5.57C11.19 32.85 5.9 27.05 5.9 20.04\"\/>\r\n    <path d=\"M23.56 17.99h-5.63v5.63h5.63v15.3c4.45-.91 8.45-3.36 11.32-7.04l.58-.74V17.99h-11.9zM264.15 21.55c3.07-.44 4.8-2.63 4.8-5.62 0-4.65-3.74-5.94-7.72-5.94h-7.2V30.7h3.69v-8.77h2.69l4.8 8.77h4.45l-5.51-9.15zm-6.44-2.78v-5.62h3.19c1.9 0 4.18.29 4.18 2.75 0 2.69-2.43 2.87-4.5 2.87h-2.87zM212.73 13.33h6.35v17.38h3.68V13.33h6.35V10h-16.38zM198.98 15.47c0-1.9 1.7-2.66 3.39-2.66 1.43 0 2.84.53 3.63 1.64l2.69-2.84c-1.61-1.52-3.77-2.13-5.94-2.13-3.83 0-7.63 1.99-7.63 6.26 0 7.4 9.83 4.8 9.83 9.33 0 1.9-1.93 2.84-3.63 2.84-1.64 0-3.19-.79-4.1-2.17l-2.78 2.69c1.7 2.02 4.21 2.81 6.79 2.81 4.07 0 7.57-2.17 7.57-6.61.01-7.38-9.82-5.01-9.82-9.16M179.24 10l-9.01 20.71h4.12l1.87-4.74h8.98l1.93 4.74h4.21L182.43 10h-3.19zm-1.75 12.81l3.25-8.42 3.19 8.42h-6.44zM126.89 13.24h10.03V9.91H123.2v20.71h14.25v-3.34h-10.56z\"\/>\r\n    <path d=\"M129.03 18.33h7.37v3.33h-7.37zM102.11 13.33h6.35v17.38h3.69V13.33h6.34V10h-16.38zM90.3 10l-9.01 20.71h4.12l1.87-4.74h8.98l1.93 4.74h4.21L93.48 10H90.3zm-1.76 12.81l3.25-8.42 3.19 8.42h-6.44zM69.12 21.93h4.24v4.88c-1.29.73-2.98 1.08-4.86 1.08-4.27 0-7.11-3.28-7.11-7.69 0-4.12 2.84-7.4 7.11-7.4 2.08 0 4.1.73 5.41 2.02l2.72-2.75c-2.16-1.93-5-2.6-8.16-2.6-6.38 0-10.94 4.33-10.94 10.97 0 6.46 4.56 10.79 10.94 10.79 3.19 0 6.05-.7 8.57-2.05V18.6h-7.93v3.33zM148.97 10h-5.62v20.7h3.51V13.51h.06l4.77 13.04 1.72-4.91zM154.5 24.5l-1.74 4.98.45 1.23h2.57l6.29-17.2h.06v17.2h3.51V10h-5.56zM237.51 13.33h10.03V10h-13.72v20.71h14.24v-3.34h-10.55z\"\/>\r\n    <path d=\"M239.64 18.42h7.37v3.33h-7.37z\"\/>\r\n<\/svg>\r\n\r\n\t\t\t\t<\/div>\r\n\t\t\t\t<h3 class=\"breaker-title\">Contactez-nous pour obtenir plus d&#039;informations ou pour trouver votre distributeur local.<\/h3>\r\n\t\t\t\t\t\t\t\t<a href=\"https:\/\/www.gatemasterlocks.com\/contact\/\" class=\"button\"  target=\"\">\r\n\t\t\t\t\tContact\t\t\t\t<\/a>\r\n\t\t\t\t\t\t\t<\/div>\r\n\t\t\t<div class=\"breaker-image\">\r\n\t\t\t\t<div class=\"image-background\">\r\n                    <img loading=\"lazy\" decoding=\"async\" width=\"3436\" height=\"3311\" src=\"https:\/\/www.gatemasterlocks.com\/wp-content\/uploads\/2021\/11\/Gatemaster-Catalogue-visual.png\" class=\"attachment-breaker size-breaker\" alt=\"Gate locks, hinges, closures and gate hardware from Gatemaster\" srcset=\"https:\/\/www.gatemasterlocks.com\/wp-content\/uploads\/2021\/11\/Gatemaster-Catalogue-visual.png 3436w, https:\/\/www.gatemasterlocks.com\/wp-content\/uploads\/2021\/11\/Gatemaster-Catalogue-visual-300x289.png 300w, https:\/\/www.gatemasterlocks.com\/wp-content\/uploads\/2021\/11\/Gatemaster-Catalogue-visual-1024x987.png 1024w, https:\/\/www.gatemasterlocks.com\/wp-content\/uploads\/2021\/11\/Gatemaster-Catalogue-visual-768x740.png 768w, https:\/\/www.gatemasterlocks.com\/wp-content\/uploads\/2021\/11\/Gatemaster-Catalogue-visual-1536x1480.png 1536w, https:\/\/www.gatemasterlocks.com\/wp-content\/uploads\/2021\/11\/Gatemaster-Catalogue-visual-2048x1973.png 2048w\" sizes=\"auto, (max-width: 3436px) 100vw, 3436px\" \/>\t\t\t\t<\/div>\r\n\t\t\t<\/div>\r\n\t\t<\/div>\r\n\t<\/div>\r\n<\/div>","protected":false},"excerpt":{"rendered":"<p>La toute nouvelle serrure \u00e0 encastrer Gatemaster r\u00e9invente le concept de la serrure de portail \u00e0 encastrer avec une caract\u00e9ristique simple\u00a0: une serrure \u00e0 verrou \u00e0 simple action et \u00e0 crochet. Les avantages\u00a0? C&#8217;est simple\u00a0! Cette serrure est\u00a0: Facile \u00e0 monter.\u00a0If suffit de percer un seul trou, ce qui vous fait gagner du temps et [&hellip;]<\/p>\n","protected":false},"author":12,"featured_media":0,"parent":0,"menu_order":0,"comment_status":"closed","ping_status":"closed","template":"","meta":{"_acf_changed":false,"footnotes":""},"class_list":["post-11810","page","type-page","status-publish","hentry"],"acf":[],"_links":{"self":[{"href":"https:\/\/www.gatemasterlocks.com\/fr\/wp-json\/wp\/v2\/pages\/11810","targetHints":{"allow":["GET"]}}],"collection":[{"href":"https:\/\/www.gatemasterlocks.com\/fr\/wp-json\/wp\/v2\/pages"}],"about":[{"href":"https:\/\/www.gatemasterlocks.com\/fr\/wp-json\/wp\/v2\/types\/page"}],"author":[{"embeddable":true,"href":"https:\/\/www.gatemasterlocks.com\/fr\/wp-json\/wp\/v2\/users\/12"}],"replies":[{"embeddable":true,"href":"https:\/\/www.gatemasterlocks.com\/fr\/wp-json\/wp\/v2\/comments?post=11810"}],"version-history":[{"count":0,"href":"https:\/\/www.gatemasterlocks.com\/fr\/wp-json\/wp\/v2\/pages\/11810\/revisions"}],"wp:attachment":[{"href":"https:\/\/www.gatemasterlocks.com\/fr\/wp-json\/wp\/v2\/media?parent=11810"}],"curies":[{"name":"wp","href":"https:\/\/api.w.org\/{rel}","templated":true}]}}