{"id":11753,"date":"2022-06-07T09:19:46","date_gmt":"2022-06-07T08:19:46","guid":{"rendered":"https:\/\/gatemasterlock.wpenginepowered.com\/product\/serrure-de-portail-a-digicode-en-applique-superlock\/"},"modified":"2023-01-30T10:26:58","modified_gmt":"2023-01-30T10:26:58","slug":"serrure-de-portail-a-digicode-en-applique-superlock","status":"publish","type":"product","link":"https:\/\/www.gatemasterlocks.com\/fr\/produits\/serrure-de-portail-a-digicode-en-applique-superlock\/","title":{"rendered":"Serrure de portail \u00e0 digicode en applique Superlock"},"content":{"rendered":"","protected":false},"excerpt":{"rendered":"<p>Une serrure \u00e0 clavier double face enti\u00e8rement m\u00e9canique pour les portails en bois.<\/p>\n","protected":false},"featured_media":21821,"template":"","product_category":[147,89,113,139],"class_list":["post-11753","product","type-product","status-publish","has-post-thumbnail","hentry","product_category-serrure-pour-portails-en-bois","product_category-gate-locks-fr","product_category-serrures-numeriques","product_category-superlock-fr"],"acf":[],"_links":{"self":[{"href":"https:\/\/www.gatemasterlocks.com\/fr\/wp-json\/wp\/v2\/product\/11753","targetHints":{"allow":["GET"]}}],"collection":[{"href":"https:\/\/www.gatemasterlocks.com\/fr\/wp-json\/wp\/v2\/product"}],"about":[{"href":"https:\/\/www.gatemasterlocks.com\/fr\/wp-json\/wp\/v2\/types\/product"}],"version-history":[{"count":0,"href":"https:\/\/www.gatemasterlocks.com\/fr\/wp-json\/wp\/v2\/product\/11753\/revisions"}],"wp:featuredmedia":[{"embeddable":true,"href":"https:\/\/www.gatemasterlocks.com\/fr\/wp-json\/wp\/v2\/media\/21821"}],"wp:attachment":[{"href":"https:\/\/www.gatemasterlocks.com\/fr\/wp-json\/wp\/v2\/media?parent=11753"}],"wp:term":[{"taxonomy":"product_category","embeddable":true,"href":"https:\/\/www.gatemasterlocks.com\/fr\/wp-json\/wp\/v2\/product_category?post=11753"}],"curies":[{"name":"wp","href":"https:\/\/api.w.org\/{rel}","templated":true}]}}