{"id":12026,"date":"2022-06-14T12:14:30","date_gmt":"2022-06-14T11:14:30","guid":{"rendered":"https:\/\/gatemasterlock.wpenginepowered.com\/product\/gache-sans-trou-superlock\/"},"modified":"2022-06-14T12:14:30","modified_gmt":"2022-06-14T11:14:30","slug":"gache-sans-trou-superlock","status":"publish","type":"product","link":"https:\/\/www.gatemasterlocks.com\/fr\/produits\/gache-sans-trou-superlock\/","title":{"rendered":"G\u00e2che sans trou Superlock"},"content":{"rendered":"","protected":false},"excerpt":{"rendered":"<p>Gapless Keep est un dispositif ultra-plat qui s&#8217;ins\u00e8re entre le portail et le poteau. Il sert \u00e0 la fois de but\u00e9e de portail et de g\u00e2che pour la serrure<\/p>\n","protected":false},"featured_media":11353,"template":"","product_category":[107,92,139,110],"class_list":["post-12026","product","type-product","status-publish","has-post-thumbnail","hentry","product_category-produits-de-surete-et-de-securite","product_category-serrures-a-boulonner","product_category-superlock-fr","product_category-tampons-et-butoirs"],"acf":[],"_links":{"self":[{"href":"https:\/\/www.gatemasterlocks.com\/fr\/wp-json\/wp\/v2\/product\/12026","targetHints":{"allow":["GET"]}}],"collection":[{"href":"https:\/\/www.gatemasterlocks.com\/fr\/wp-json\/wp\/v2\/product"}],"about":[{"href":"https:\/\/www.gatemasterlocks.com\/fr\/wp-json\/wp\/v2\/types\/product"}],"version-history":[{"count":0,"href":"https:\/\/www.gatemasterlocks.com\/fr\/wp-json\/wp\/v2\/product\/12026\/revisions"}],"wp:featuredmedia":[{"embeddable":true,"href":"https:\/\/www.gatemasterlocks.com\/fr\/wp-json\/wp\/v2\/media\/11353"}],"wp:attachment":[{"href":"https:\/\/www.gatemasterlocks.com\/fr\/wp-json\/wp\/v2\/media?parent=12026"}],"wp:term":[{"taxonomy":"product_category","embeddable":true,"href":"https:\/\/www.gatemasterlocks.com\/fr\/wp-json\/wp\/v2\/product_category?post=12026"}],"curies":[{"name":"wp","href":"https:\/\/api.w.org\/{rel}","templated":true}]}}