{"id":2494,"date":"2021-08-18T15:37:16","date_gmt":"2021-08-18T14:37:16","guid":{"rendered":"https:\/\/gatemasterlock.wpenginepowered.com\/product\/verrou-a-baionnette\/"},"modified":"2021-12-14T12:28:23","modified_gmt":"2021-12-14T12:28:23","slug":"verrou-a-baionnette","status":"publish","type":"product","link":"https:\/\/www.gatemasterlocks.com\/fr\/produits\/verrou-a-baionnette\/","title":{"rendered":"Verrou \u00e0 ba\u00efonnette"},"content":{"rendered":"","protected":false},"excerpt":{"rendered":"<p>Un verrou \u00e0 ba\u00efonnette solide et innovant de 19 mm con\u00e7u pour s\u00e9curiser les portails doubles.<\/p>\n","protected":false},"featured_media":1195,"template":"","product_category":[83,104],"class_list":["post-2494","product","type-product","status-publish","has-post-thumbnail","hentry","product_category-gate-hardware-fr-2","product_category-penes-basculants"],"acf":[],"_links":{"self":[{"href":"https:\/\/www.gatemasterlocks.com\/fr\/wp-json\/wp\/v2\/product\/2494","targetHints":{"allow":["GET"]}}],"collection":[{"href":"https:\/\/www.gatemasterlocks.com\/fr\/wp-json\/wp\/v2\/product"}],"about":[{"href":"https:\/\/www.gatemasterlocks.com\/fr\/wp-json\/wp\/v2\/types\/product"}],"version-history":[{"count":0,"href":"https:\/\/www.gatemasterlocks.com\/fr\/wp-json\/wp\/v2\/product\/2494\/revisions"}],"wp:featuredmedia":[{"embeddable":true,"href":"https:\/\/www.gatemasterlocks.com\/fr\/wp-json\/wp\/v2\/media\/1195"}],"wp:attachment":[{"href":"https:\/\/www.gatemasterlocks.com\/fr\/wp-json\/wp\/v2\/media?parent=2494"}],"wp:term":[{"taxonomy":"product_category","embeddable":true,"href":"https:\/\/www.gatemasterlocks.com\/fr\/wp-json\/wp\/v2\/product_category?post=2494"}],"curies":[{"name":"wp","href":"https:\/\/api.w.org\/{rel}","templated":true}]}}