{"id":2534,"date":"2021-08-18T15:36:13","date_gmt":"2021-08-18T14:36:13","guid":{"rendered":"https:\/\/gatemasterlock.wpenginepowered.com\/product\/gache-securisee-superlock\/"},"modified":"2021-12-14T12:40:56","modified_gmt":"2021-12-14T12:40:56","slug":"gache-securisee-superlock","status":"publish","type":"product","link":"https:\/\/www.gatemasterlocks.com\/fr\/produits\/gache-securisee-superlock\/","title":{"rendered":"G\u00e2che s\u00e9curis\u00e9e Superlock"},"content":{"rendered":"","protected":false},"excerpt":{"rendered":"<p>G\u00e2che fine qui se place entre le portail et le montant pour une utilisation avec la gamme de verrous Superlock.<\/p>\n","protected":false},"featured_media":23197,"template":"","product_category":[107,92,139],"class_list":["post-2534","product","type-product","status-publish","has-post-thumbnail","hentry","product_category-produits-de-surete-et-de-securite","product_category-serrures-a-boulonner","product_category-superlock-fr"],"acf":[],"_links":{"self":[{"href":"https:\/\/www.gatemasterlocks.com\/fr\/wp-json\/wp\/v2\/product\/2534","targetHints":{"allow":["GET"]}}],"collection":[{"href":"https:\/\/www.gatemasterlocks.com\/fr\/wp-json\/wp\/v2\/product"}],"about":[{"href":"https:\/\/www.gatemasterlocks.com\/fr\/wp-json\/wp\/v2\/types\/product"}],"version-history":[{"count":0,"href":"https:\/\/www.gatemasterlocks.com\/fr\/wp-json\/wp\/v2\/product\/2534\/revisions"}],"wp:featuredmedia":[{"embeddable":true,"href":"https:\/\/www.gatemasterlocks.com\/fr\/wp-json\/wp\/v2\/media\/23197"}],"wp:attachment":[{"href":"https:\/\/www.gatemasterlocks.com\/fr\/wp-json\/wp\/v2\/media?parent=2534"}],"wp:term":[{"taxonomy":"product_category","embeddable":true,"href":"https:\/\/www.gatemasterlocks.com\/fr\/wp-json\/wp\/v2\/product_category?post=2534"}],"curies":[{"name":"wp","href":"https:\/\/api.w.org\/{rel}","templated":true}]}}