{"id":2566,"date":"2021-08-18T15:36:13","date_gmt":"2021-08-18T14:36:13","guid":{"rendered":"https:\/\/gatemasterlock.wpenginepowered.com\/product\/sortie-rapide-superlock-acces-pave-numerique\/"},"modified":"2021-08-18T15:36:32","modified_gmt":"2021-08-18T14:36:32","slug":"sortie-rapide-superlock-acces-pave-numerique","status":"publish","type":"product","link":"https:\/\/www.gatemasterlocks.com\/fr\/produits\/sortie-rapide-superlock-acces-pave-numerique\/","title":{"rendered":"Sortie rapide Superlock acc\u00e8s pav\u00e9 num\u00e9rique"},"content":{"rendered":"","protected":false},"excerpt":{"rendered":"","protected":false},"featured_media":21785,"template":"","product_category":[92,113,139],"class_list":["post-2566","product","type-product","status-publish","has-post-thumbnail","hentry","product_category-serrures-a-boulonner","product_category-serrures-numeriques","product_category-superlock-fr"],"acf":[],"_links":{"self":[{"href":"https:\/\/www.gatemasterlocks.com\/fr\/wp-json\/wp\/v2\/product\/2566","targetHints":{"allow":["GET"]}}],"collection":[{"href":"https:\/\/www.gatemasterlocks.com\/fr\/wp-json\/wp\/v2\/product"}],"about":[{"href":"https:\/\/www.gatemasterlocks.com\/fr\/wp-json\/wp\/v2\/types\/product"}],"version-history":[{"count":0,"href":"https:\/\/www.gatemasterlocks.com\/fr\/wp-json\/wp\/v2\/product\/2566\/revisions"}],"wp:featuredmedia":[{"embeddable":true,"href":"https:\/\/www.gatemasterlocks.com\/fr\/wp-json\/wp\/v2\/media\/21785"}],"wp:attachment":[{"href":"https:\/\/www.gatemasterlocks.com\/fr\/wp-json\/wp\/v2\/media?parent=2566"}],"wp:term":[{"taxonomy":"product_category","embeddable":true,"href":"https:\/\/www.gatemasterlocks.com\/fr\/wp-json\/wp\/v2\/product_category?post=2566"}],"curies":[{"name":"wp","href":"https:\/\/api.w.org\/{rel}","templated":true}]}}