{"id":2682,"date":"2021-08-18T15:36:13","date_gmt":"2021-08-18T14:36:13","guid":{"rendered":"https:\/\/gatemasterlock.wpenginepowered.com\/product\/verrou-a-larder-a-pene-dormant\/"},"modified":"2021-08-18T15:37:04","modified_gmt":"2021-08-18T14:37:04","slug":"verrou-a-larder-a-pene-dormant","status":"publish","type":"product","link":"https:\/\/www.gatemasterlocks.com\/fr\/produits\/verrou-a-larder-a-pene-dormant\/","title":{"rendered":"Verrou \u00e0 larder \u00e0 p\u00eane dormant"},"content":{"rendered":"","protected":false},"excerpt":{"rendered":"","protected":false},"featured_media":4917,"template":"","product_category":[98,89],"class_list":["post-2682","product","type-product","status-publish","has-post-thumbnail","hentry","product_category-serrures-a-encastrer","product_category-gate-locks-fr"],"acf":[],"_links":{"self":[{"href":"https:\/\/www.gatemasterlocks.com\/fr\/wp-json\/wp\/v2\/product\/2682","targetHints":{"allow":["GET"]}}],"collection":[{"href":"https:\/\/www.gatemasterlocks.com\/fr\/wp-json\/wp\/v2\/product"}],"about":[{"href":"https:\/\/www.gatemasterlocks.com\/fr\/wp-json\/wp\/v2\/types\/product"}],"version-history":[{"count":0,"href":"https:\/\/www.gatemasterlocks.com\/fr\/wp-json\/wp\/v2\/product\/2682\/revisions"}],"wp:featuredmedia":[{"embeddable":true,"href":"https:\/\/www.gatemasterlocks.com\/fr\/wp-json\/wp\/v2\/media\/4917"}],"wp:attachment":[{"href":"https:\/\/www.gatemasterlocks.com\/fr\/wp-json\/wp\/v2\/media?parent=2682"}],"wp:term":[{"taxonomy":"product_category","embeddable":true,"href":"https:\/\/www.gatemasterlocks.com\/fr\/wp-json\/wp\/v2\/product_category?post=2682"}],"curies":[{"name":"wp","href":"https:\/\/api.w.org\/{rel}","templated":true}]}}