{"id":2746,"date":"2021-08-18T15:37:16","date_gmt":"2021-08-18T14:37:16","guid":{"rendered":"https:\/\/gatemasterlock.wpenginepowered.com\/product\/pene-dormant-sur-pene-demi-tour-double-course\/"},"modified":"2022-06-07T09:29:01","modified_gmt":"2022-06-07T08:29:01","slug":"pene-dormant-sur-pene-demi-tour-double-course","status":"publish","type":"product","link":"https:\/\/www.gatemasterlocks.com\/fr\/produits\/pene-dormant-sur-pene-demi-tour-double-course\/","title":{"rendered":"Verrou \u00e0 p\u00eane dormant \u00e0 double-action"},"content":{"rendered":"","protected":false},"excerpt":{"rendered":"<p>Le verrou \u00e0 p\u00eane dormant soud\u00e9 \u00e0 double action est un loquet actionn\u00e9 par une poign\u00e9e qui offre la s\u00e9curit\u00e9 d\u2019un verrou dormant<\/p>\n","protected":false},"featured_media":1209,"template":"","product_category":[101,89],"class_list":["post-2746","product","type-product","status-publish","has-post-thumbnail","hentry","product_category-serrures-a-souder","product_category-gate-locks-fr"],"acf":[],"_links":{"self":[{"href":"https:\/\/www.gatemasterlocks.com\/fr\/wp-json\/wp\/v2\/product\/2746","targetHints":{"allow":["GET"]}}],"collection":[{"href":"https:\/\/www.gatemasterlocks.com\/fr\/wp-json\/wp\/v2\/product"}],"about":[{"href":"https:\/\/www.gatemasterlocks.com\/fr\/wp-json\/wp\/v2\/types\/product"}],"version-history":[{"count":0,"href":"https:\/\/www.gatemasterlocks.com\/fr\/wp-json\/wp\/v2\/product\/2746\/revisions"}],"wp:featuredmedia":[{"embeddable":true,"href":"https:\/\/www.gatemasterlocks.com\/fr\/wp-json\/wp\/v2\/media\/1209"}],"wp:attachment":[{"href":"https:\/\/www.gatemasterlocks.com\/fr\/wp-json\/wp\/v2\/media?parent=2746"}],"wp:term":[{"taxonomy":"product_category","embeddable":true,"href":"https:\/\/www.gatemasterlocks.com\/fr\/wp-json\/wp\/v2\/product_category?post=2746"}],"curies":[{"name":"wp","href":"https:\/\/api.w.org\/{rel}","templated":true}]}}