{"id":2814,"date":"2021-08-18T15:37:16","date_gmt":"2021-08-18T14:37:16","guid":{"rendered":"https:\/\/gatemasterlock.wpenginepowered.com\/product\/bloque-portail\/"},"modified":"2022-06-07T09:28:46","modified_gmt":"2022-06-07T08:28:46","slug":"bloque-portail","status":"publish","type":"product","link":"https:\/\/www.gatemasterlocks.com\/fr\/produits\/bloque-portail\/","title":{"rendered":"But\u00e9e d\u2019arr\u00eat"},"content":{"rendered":"","protected":false},"excerpt":{"rendered":"<p>Ces but\u00e9es r\u00e9duisent le bruit de la fermeture du portail, id\u00e9al pour les zones r\u00e9sidentielles<\/p>\n","protected":false},"featured_media":6439,"template":"","product_category":[83,110],"class_list":["post-2814","product","type-product","status-publish","has-post-thumbnail","hentry","product_category-gate-hardware-fr-2","product_category-tampons-et-butoirs"],"acf":[],"_links":{"self":[{"href":"https:\/\/www.gatemasterlocks.com\/fr\/wp-json\/wp\/v2\/product\/2814","targetHints":{"allow":["GET"]}}],"collection":[{"href":"https:\/\/www.gatemasterlocks.com\/fr\/wp-json\/wp\/v2\/product"}],"about":[{"href":"https:\/\/www.gatemasterlocks.com\/fr\/wp-json\/wp\/v2\/types\/product"}],"version-history":[{"count":0,"href":"https:\/\/www.gatemasterlocks.com\/fr\/wp-json\/wp\/v2\/product\/2814\/revisions"}],"wp:featuredmedia":[{"embeddable":true,"href":"https:\/\/www.gatemasterlocks.com\/fr\/wp-json\/wp\/v2\/media\/6439"}],"wp:attachment":[{"href":"https:\/\/www.gatemasterlocks.com\/fr\/wp-json\/wp\/v2\/media?parent=2814"}],"wp:term":[{"taxonomy":"product_category","embeddable":true,"href":"https:\/\/www.gatemasterlocks.com\/fr\/wp-json\/wp\/v2\/product_category?post=2814"}],"curies":[{"name":"wp","href":"https:\/\/api.w.org\/{rel}","templated":true}]}}