{"id":2870,"date":"2021-08-18T15:37:16","date_gmt":"2021-08-18T14:37:16","guid":{"rendered":"https:\/\/gatemasterlock.wpenginepowered.com\/product\/gond-butee-avec-pivot-inferieur\/"},"modified":"2022-06-07T09:28:09","modified_gmt":"2022-06-07T08:28:09","slug":"gond-butee-avec-pivot-inferieur","status":"publish","type":"product","link":"https:\/\/www.gatemasterlocks.com\/fr\/produits\/gond-butee-avec-pivot-inferieur\/","title":{"rendered":"Gond-but\u00e9e avec pivot inf\u00e9rieur"},"content":{"rendered":"","protected":false},"excerpt":{"rendered":"<p>Le gond-but\u00e9e avec pivot inf\u00e9rieur s&#8217;applique l\u00e0 o\u00f9 il est n\u00e9cessaire d&#8217;\u00e9viter les points de pincement et de coincement<\/p>\n","protected":false},"featured_media":1170,"template":"","product_category":[86],"class_list":["post-2870","product","type-product","status-publish","has-post-thumbnail","hentry","product_category-gate-hinges-fr"],"acf":[],"_links":{"self":[{"href":"https:\/\/www.gatemasterlocks.com\/fr\/wp-json\/wp\/v2\/product\/2870","targetHints":{"allow":["GET"]}}],"collection":[{"href":"https:\/\/www.gatemasterlocks.com\/fr\/wp-json\/wp\/v2\/product"}],"about":[{"href":"https:\/\/www.gatemasterlocks.com\/fr\/wp-json\/wp\/v2\/types\/product"}],"version-history":[{"count":0,"href":"https:\/\/www.gatemasterlocks.com\/fr\/wp-json\/wp\/v2\/product\/2870\/revisions"}],"wp:featuredmedia":[{"embeddable":true,"href":"https:\/\/www.gatemasterlocks.com\/fr\/wp-json\/wp\/v2\/media\/1170"}],"wp:attachment":[{"href":"https:\/\/www.gatemasterlocks.com\/fr\/wp-json\/wp\/v2\/media?parent=2870"}],"wp:term":[{"taxonomy":"product_category","embeddable":true,"href":"https:\/\/www.gatemasterlocks.com\/fr\/wp-json\/wp\/v2\/product_category?post=2870"}],"curies":[{"name":"wp","href":"https:\/\/api.w.org\/{rel}","templated":true}]}}