{"id":2918,"date":"2021-08-18T15:37:16","date_gmt":"2021-08-18T14:37:16","guid":{"rendered":"https:\/\/gatemasterlock.wpenginepowered.com\/product\/verrou-a-souder-avec-pene-a-cle-grande-amplitude\/"},"modified":"2021-12-14T13:07:40","modified_gmt":"2021-12-14T13:07:40","slug":"verrou-a-souder-avec-pene-a-cle-grande-amplitude","status":"publish","type":"product","link":"https:\/\/www.gatemasterlocks.com\/fr\/produits\/verrou-a-souder-avec-pene-a-cle-grande-amplitude\/","title":{"rendered":"Verrou \u00e0 souder avec p\u00eane \u00e0 cl\u00e9 grande amplitude"},"content":{"rendered":"","protected":false},"excerpt":{"rendered":"<p>Un cl\u00e9 simple permet d\u2019actionner la targette qui est soud\u00e9e sur le portail pour garantir la durabilit\u00e9<\/p>\n","protected":false},"featured_media":1156,"template":"","product_category":[89,101],"class_list":["post-2918","product","type-product","status-publish","has-post-thumbnail","hentry","product_category-gate-locks-fr","product_category-serrures-a-souder"],"acf":[],"_links":{"self":[{"href":"https:\/\/www.gatemasterlocks.com\/fr\/wp-json\/wp\/v2\/product\/2918","targetHints":{"allow":["GET"]}}],"collection":[{"href":"https:\/\/www.gatemasterlocks.com\/fr\/wp-json\/wp\/v2\/product"}],"about":[{"href":"https:\/\/www.gatemasterlocks.com\/fr\/wp-json\/wp\/v2\/types\/product"}],"version-history":[{"count":0,"href":"https:\/\/www.gatemasterlocks.com\/fr\/wp-json\/wp\/v2\/product\/2918\/revisions"}],"wp:featuredmedia":[{"embeddable":true,"href":"https:\/\/www.gatemasterlocks.com\/fr\/wp-json\/wp\/v2\/media\/1156"}],"wp:attachment":[{"href":"https:\/\/www.gatemasterlocks.com\/fr\/wp-json\/wp\/v2\/media?parent=2918"}],"wp:term":[{"taxonomy":"product_category","embeddable":true,"href":"https:\/\/www.gatemasterlocks.com\/fr\/wp-json\/wp\/v2\/product_category?post=2918"}],"curies":[{"name":"wp","href":"https:\/\/api.w.org\/{rel}","templated":true}]}}