{"id":2982,"date":"2021-08-18T15:37:16","date_gmt":"2021-08-18T14:37:16","guid":{"rendered":"https:\/\/gatemasterlock.wpenginepowered.com\/product\/acces-a-cle-de-sortie-rapide-a-boulonner\/"},"modified":"2022-06-14T12:30:47","modified_gmt":"2022-06-14T11:30:47","slug":"acces-a-cle-de-sortie-rapide-a-boulonner","status":"publish","type":"product","link":"https:\/\/www.gatemasterlocks.com\/fr\/produits\/acces-a-cle-de-sortie-rapide-a-boulonner\/","title":{"rendered":"Acc\u00e8s \u00e0 cl\u00e9 de sortie rapide \u00e0 boulonner"},"content":{"rendered":"","protected":false},"excerpt":{"rendered":"","protected":false},"featured_media":23088,"template":"","product_category":[92,89],"class_list":["post-2982","product","type-product","status-publish","has-post-thumbnail","hentry","product_category-serrures-a-boulonner","product_category-gate-locks-fr"],"acf":[],"_links":{"self":[{"href":"https:\/\/www.gatemasterlocks.com\/fr\/wp-json\/wp\/v2\/product\/2982","targetHints":{"allow":["GET"]}}],"collection":[{"href":"https:\/\/www.gatemasterlocks.com\/fr\/wp-json\/wp\/v2\/product"}],"about":[{"href":"https:\/\/www.gatemasterlocks.com\/fr\/wp-json\/wp\/v2\/types\/product"}],"version-history":[{"count":0,"href":"https:\/\/www.gatemasterlocks.com\/fr\/wp-json\/wp\/v2\/product\/2982\/revisions"}],"wp:featuredmedia":[{"embeddable":true,"href":"https:\/\/www.gatemasterlocks.com\/fr\/wp-json\/wp\/v2\/media\/23088"}],"wp:attachment":[{"href":"https:\/\/www.gatemasterlocks.com\/fr\/wp-json\/wp\/v2\/media?parent=2982"}],"wp:term":[{"taxonomy":"product_category","embeddable":true,"href":"https:\/\/www.gatemasterlocks.com\/fr\/wp-json\/wp\/v2\/product_category?post=2982"}],"curies":[{"name":"wp","href":"https:\/\/api.w.org\/{rel}","templated":true}]}}