{"id":3038,"date":"2021-08-18T15:37:16","date_gmt":"2021-08-18T14:37:16","guid":{"rendered":"https:\/\/gatemasterlock.wpenginepowered.com\/product\/verrou-boulonne-avec-pene-a-cle-grande-amplitude\/"},"modified":"2022-06-14T12:32:59","modified_gmt":"2022-06-14T11:32:59","slug":"verrou-boulonne-avec-pene-a-cle-grande-amplitude","status":"publish","type":"product","link":"https:\/\/www.gatemasterlocks.com\/fr\/produits\/verrou-boulonne-avec-pene-a-cle-grande-amplitude\/","title":{"rendered":"Verrou boulonn\u00e9 avec p\u00eane \u00e0 cl\u00e9 grande amplitude"},"content":{"rendered":"","protected":false},"excerpt":{"rendered":"","protected":false},"featured_media":27690,"template":"","product_category":[92,89],"class_list":["post-3038","product","type-product","status-publish","has-post-thumbnail","hentry","product_category-serrures-a-boulonner","product_category-gate-locks-fr"],"acf":[],"_links":{"self":[{"href":"https:\/\/www.gatemasterlocks.com\/fr\/wp-json\/wp\/v2\/product\/3038","targetHints":{"allow":["GET"]}}],"collection":[{"href":"https:\/\/www.gatemasterlocks.com\/fr\/wp-json\/wp\/v2\/product"}],"about":[{"href":"https:\/\/www.gatemasterlocks.com\/fr\/wp-json\/wp\/v2\/types\/product"}],"version-history":[{"count":0,"href":"https:\/\/www.gatemasterlocks.com\/fr\/wp-json\/wp\/v2\/product\/3038\/revisions"}],"wp:featuredmedia":[{"embeddable":true,"href":"https:\/\/www.gatemasterlocks.com\/fr\/wp-json\/wp\/v2\/media\/27690"}],"wp:attachment":[{"href":"https:\/\/www.gatemasterlocks.com\/fr\/wp-json\/wp\/v2\/media?parent=3038"}],"wp:term":[{"taxonomy":"product_category","embeddable":true,"href":"https:\/\/www.gatemasterlocks.com\/fr\/wp-json\/wp\/v2\/product_category?post=3038"}],"curies":[{"name":"wp","href":"https:\/\/api.w.org\/{rel}","templated":true}]}}