{"id":3062,"date":"2021-08-18T15:37:16","date_gmt":"2021-08-18T14:37:16","guid":{"rendered":"https:\/\/gatemasterlock.wpenginepowered.com\/product\/verrou-a-pene-dormant-sur-targette-boulonne\/"},"modified":"2021-08-18T15:38:20","modified_gmt":"2021-08-18T14:38:20","slug":"verrou-a-pene-dormant-sur-targette-boulonne","status":"publish","type":"product","link":"https:\/\/www.gatemasterlocks.com\/fr\/produits\/verrou-a-pene-dormant-sur-targette-boulonne\/","title":{"rendered":"Verrou \u00e0 p\u00eane dormant sur targette boulonn\u00e9"},"content":{"rendered":"","protected":false},"excerpt":{"rendered":"","protected":false},"featured_media":23082,"template":"","product_category":[92,89],"class_list":["post-3062","product","type-product","status-publish","has-post-thumbnail","hentry","product_category-serrures-a-boulonner","product_category-gate-locks-fr"],"acf":[],"_links":{"self":[{"href":"https:\/\/www.gatemasterlocks.com\/fr\/wp-json\/wp\/v2\/product\/3062","targetHints":{"allow":["GET"]}}],"collection":[{"href":"https:\/\/www.gatemasterlocks.com\/fr\/wp-json\/wp\/v2\/product"}],"about":[{"href":"https:\/\/www.gatemasterlocks.com\/fr\/wp-json\/wp\/v2\/types\/product"}],"version-history":[{"count":0,"href":"https:\/\/www.gatemasterlocks.com\/fr\/wp-json\/wp\/v2\/product\/3062\/revisions"}],"wp:featuredmedia":[{"embeddable":true,"href":"https:\/\/www.gatemasterlocks.com\/fr\/wp-json\/wp\/v2\/media\/23082"}],"wp:attachment":[{"href":"https:\/\/www.gatemasterlocks.com\/fr\/wp-json\/wp\/v2\/media?parent=3062"}],"wp:term":[{"taxonomy":"product_category","embeddable":true,"href":"https:\/\/www.gatemasterlocks.com\/fr\/wp-json\/wp\/v2\/product_category?post=3062"}],"curies":[{"name":"wp","href":"https:\/\/api.w.org\/{rel}","templated":true}]}}