{"id":3090,"date":"2021-08-18T15:37:16","date_gmt":"2021-08-18T14:37:16","guid":{"rendered":"https:\/\/gatemasterlock.wpenginepowered.com\/product\/digicode-fixe-a-face-simple\/"},"modified":"2022-06-14T12:18:47","modified_gmt":"2022-06-14T11:18:47","slug":"digicode-fixe-a-face-simple","status":"publish","type":"product","link":"https:\/\/www.gatemasterlocks.com\/fr\/produits\/digicode-fixe-a-face-simple\/","title":{"rendered":"Serrure de portail \u00e0 digicode Serrure de portail \u00e0 digicode mont\u00e9 sur une face"},"content":{"rendered":"","protected":false},"excerpt":{"rendered":"<p>La version \u00e0 digicode sur une face de la serrure de portail num\u00e9rique fix\u00e9e en surface est dot\u00e9e d\u2019une poign\u00e9e \u00e0 levier int\u00e9rieure pour faciliter la sortie<\/p>\n","protected":false},"featured_media":23161,"template":"","product_category":[147,89,113],"class_list":["post-3090","product","type-product","status-publish","has-post-thumbnail","hentry","product_category-serrure-pour-portails-en-bois","product_category-gate-locks-fr","product_category-serrures-numeriques"],"acf":[],"_links":{"self":[{"href":"https:\/\/www.gatemasterlocks.com\/fr\/wp-json\/wp\/v2\/product\/3090","targetHints":{"allow":["GET"]}}],"collection":[{"href":"https:\/\/www.gatemasterlocks.com\/fr\/wp-json\/wp\/v2\/product"}],"about":[{"href":"https:\/\/www.gatemasterlocks.com\/fr\/wp-json\/wp\/v2\/types\/product"}],"version-history":[{"count":0,"href":"https:\/\/www.gatemasterlocks.com\/fr\/wp-json\/wp\/v2\/product\/3090\/revisions"}],"wp:featuredmedia":[{"embeddable":true,"href":"https:\/\/www.gatemasterlocks.com\/fr\/wp-json\/wp\/v2\/media\/23161"}],"wp:attachment":[{"href":"https:\/\/www.gatemasterlocks.com\/fr\/wp-json\/wp\/v2\/media?parent=3090"}],"wp:term":[{"taxonomy":"product_category","embeddable":true,"href":"https:\/\/www.gatemasterlocks.com\/fr\/wp-json\/wp\/v2\/product_category?post=3090"}],"curies":[{"name":"wp","href":"https:\/\/api.w.org\/{rel}","templated":true}]}}