{"id":3114,"date":"2021-08-18T15:37:16","date_gmt":"2021-08-18T14:37:16","guid":{"rendered":"https:\/\/gatemasterlock.wpenginepowered.com\/product\/digicode-fixe\/"},"modified":"2022-06-14T12:18:34","modified_gmt":"2022-06-14T11:18:34","slug":"digicode-fixe","status":"publish","type":"product","link":"https:\/\/www.gatemasterlocks.com\/fr\/produits\/digicode-fixe\/","title":{"rendered":"Verrouillage num\u00e9rique de porte fix\u00e9 en surface"},"content":{"rendered":"","protected":false},"excerpt":{"rendered":"<p>Con\u00e7ue pour les portails en bois et en m\u00e9tal, la serrure \u00e0 digicode mont\u00e9 en surface est facile \u00e0 installer et offre un verrouillage fiable et constant<\/p>\n","protected":false},"featured_media":23167,"template":"","product_category":[147,89,113],"class_list":["post-3114","product","type-product","status-publish","has-post-thumbnail","hentry","product_category-serrure-pour-portails-en-bois","product_category-gate-locks-fr","product_category-serrures-numeriques"],"acf":[],"_links":{"self":[{"href":"https:\/\/www.gatemasterlocks.com\/fr\/wp-json\/wp\/v2\/product\/3114","targetHints":{"allow":["GET"]}}],"collection":[{"href":"https:\/\/www.gatemasterlocks.com\/fr\/wp-json\/wp\/v2\/product"}],"about":[{"href":"https:\/\/www.gatemasterlocks.com\/fr\/wp-json\/wp\/v2\/types\/product"}],"version-history":[{"count":0,"href":"https:\/\/www.gatemasterlocks.com\/fr\/wp-json\/wp\/v2\/product\/3114\/revisions"}],"wp:featuredmedia":[{"embeddable":true,"href":"https:\/\/www.gatemasterlocks.com\/fr\/wp-json\/wp\/v2\/media\/23167"}],"wp:attachment":[{"href":"https:\/\/www.gatemasterlocks.com\/fr\/wp-json\/wp\/v2\/media?parent=3114"}],"wp:term":[{"taxonomy":"product_category","embeddable":true,"href":"https:\/\/www.gatemasterlocks.com\/fr\/wp-json\/wp\/v2\/product_category?post=3114"}],"curies":[{"name":"wp","href":"https:\/\/api.w.org\/{rel}","templated":true}]}}